{"id":6798,"date":"2020-02-26T15:38:16","date_gmt":"2020-02-26T15:38:16","guid":{"rendered":"https:\/\/dev1.cnp-mallorca.info\/blog\/?page_id=6798"},"modified":"2020-05-18T09:37:21","modified_gmt":"2020-05-18T09:37:21","slug":"mallorca","status":"publish","type":"page","link":"https:\/\/www.mallorcaimmobilien.com\/blog\/en\/information\/mallorca-information\/mallorca\/","title":{"rendered":"Mallorca"},"content":{"rendered":"<p><img loading=\"lazy\" decoding=\"async\" class=\"alignnone size-full wp-image-7429\" src=\"https:\/\/www.mallorcaimmobilien.com\/blog\/en\/wp-content\/uploads\/2020\/05\/mallorca.jpg\" alt=\"\" width=\"750\" height=\"197\" srcset=\"https:\/\/www.mallorcaimmobilien.com\/blog\/en\/wp-content\/uploads\/2020\/05\/mallorca.jpg 750w, https:\/\/www.mallorcaimmobilien.com\/blog\/en\/wp-content\/uploads\/2020\/05\/mallorca-330x87.jpg 330w\" sizes=\"auto, (max-width: 750px) 100vw, 750px\" \/><\/p>\n<h1>Mallorca &#8211; multi-faceted island in the Mediterranean sea<\/h1>\n<p>Mallorca, the largest Balearic Island and by the way the largest island belonging to Spain offers an unsurpassable variety to tourists and residents. Whether you are looking for cultural events, historical sites, breathtaking nature or the popular pulsating capital Palma: Mallorca with its various faces will surprise you day by day.<\/p>\n<p>Numerous monuments, historic buildings, museums, churches and galleries form the cultural, architectural and artistic wealth of the island.<\/p>\n<p>A special feature in the southwest of the island is the &#8220;Sierra de Tramuntana&#8221;, since 2011 UNESCO World Heritage. With a range up to 15 km, with 11 peaks up to 1,500m altitude. Rugged and steep coastal areas, torrents and bays &#8211; a wonderful place to be for nature-lovers &#8211; extending from the municipality of Andratx up to the far north of Alcudia. On a clear and sunny day you can enjoy the views to Menorca, the little sister of Mallorca.<\/p>\n<p>With its subtropical climate and the short winter we should mention the 158 sandy beaches, numerous small pebbly bays and more than 20 golf courses embedded perfectly in the breathtaking nature! Watersports or sunbathing, exotic dives or a relaxed golf vacation, you will never get bored.<\/p>\n<p>For tennis fans among you, it might be certainly important that there is a big tennis center in construction in Santa Ponsa, where the popular WTA tournaments will take place! As one of Europe&#8217;s most popular recreational areas there are offered almost all climate-related possible indoor and outdoor sports.<\/p>\n<p><b>Here is some more useful information for you:<\/b><br \/>\nMallorca is located east-facing of the Spanish mainland and has a maximum east-west distance of 98 kilometers and a north-south length of 78 kilometers (the whole coastline has a length of 550 kilometers) and is part of the autonomous region of the Balearic Islands with the capital \u201cPalma de Mallorca\u201d ruled by the Govern de les Illes Balears.<\/p>\n<p>Mallorca itself is divided into 53 municipalities, each with its own administrative center. In the southwest there are the municipalities Calvia and Andratx, which are also the richest municipalities of Mallorca. The Tourism forms the backbone of the Balearic as well as the Majorcan economy and is clearly ahead of the second most important tourist region of Spain, Catalonia.<\/p>\n<p>&nbsp;<\/p>\n","protected":false},"excerpt":{"rendered":"<p>Mallorca &#8211; multi-faceted island in the Mediterranean sea Mallorca, the largest Balearic Island and by the way the largest island belonging to Spain offers an unsurpassable variety to tourists and residents. Whether you are looking for cultural events, historical sites, breathtaking nature or the popular pulsating capital Palma: Mallorca with its various faces will surprise [&hellip;]<\/p>\n","protected":false},"author":2,"featured_media":0,"parent":6792,"menu_order":0,"comment_status":"closed","ping_status":"closed","template":"","meta":{"footnotes":""},"class_list":["post-6798","page","type-page","status-publish","hentry"],"yoast_head":"<!-- This site is optimized with the Yoast SEO plugin v27.5 - https:\/\/yoast.com\/product\/yoast-seo-wordpress\/ -->\n<title>Mallorca - Immobilien Mallorca Blog<\/title>\n<meta name=\"description\" content=\"Mallorca, die gr\u00f6\u00dfte Baleareninsel und auch die gr\u00f6\u00dfte zu Spanien geh\u00f6rende Insel, bietet jedem Urlauber und Residenten eine kaum zu \u00fcbertreffende Vielfalt.\" \/>\n<meta name=\"robots\" content=\"index, follow, max-snippet:-1, max-image-preview:large, max-video-preview:-1\" \/>\n<link rel=\"canonical\" href=\"https:\/\/www.mallorcaimmobilien.com\/blog\/en\/information\/mallorca-information\/mallorca\/\" \/>\n<meta property=\"og:locale\" content=\"en_GB\" \/>\n<meta property=\"og:type\" content=\"article\" \/>\n<meta property=\"og:title\" content=\"Mallorca - Immobilien Mallorca Blog\" \/>\n<meta property=\"og:description\" content=\"Mallorca, die gr\u00f6\u00dfte Baleareninsel und auch die gr\u00f6\u00dfte zu Spanien geh\u00f6rende Insel, bietet jedem Urlauber und Residenten eine kaum zu \u00fcbertreffende Vielfalt.\" \/>\n<meta property=\"og:url\" content=\"https:\/\/www.mallorcaimmobilien.com\/blog\/en\/information\/mallorca-information\/mallorca\/\" \/>\n<meta property=\"og:site_name\" content=\"Immobilien Mallorca Blog\" \/>\n<meta property=\"article:publisher\" content=\"https:\/\/www.facebook.com\/casanova.immobilien.mallorca\" \/>\n<meta property=\"article:modified_time\" content=\"2020-05-18T09:37:21+00:00\" \/>\n<meta property=\"og:image\" content=\"https:\/\/www.mallorcaimmobilien.com\/blog\/en\/wp-content\/uploads\/2020\/05\/mallorca.jpg\" \/>\n<meta name=\"twitter:card\" content=\"summary_large_image\" \/>\n<meta name=\"twitter:site\" content=\"@Immosantaponsa\" \/>\n<meta name=\"twitter:label1\" content=\"Estimated reading time\" \/>\n\t<meta name=\"twitter:data1\" content=\"2 minutes\" \/>\n<script type=\"application\/ld+json\" class=\"yoast-schema-graph\">{\"@context\":\"https:\\\/\\\/schema.org\",\"@graph\":[{\"@type\":\"WebPage\",\"@id\":\"https:\\\/\\\/www.mallorcaimmobilien.com\\\/blog\\\/en\\\/information\\\/mallorca-information\\\/mallorca\\\/\",\"url\":\"https:\\\/\\\/www.mallorcaimmobilien.com\\\/blog\\\/en\\\/information\\\/mallorca-information\\\/mallorca\\\/\",\"name\":\"Mallorca - Immobilien Mallorca Blog\",\"isPartOf\":{\"@id\":\"https:\\\/\\\/www.mallorcaimmobilien.com\\\/blog\\\/en\\\/#website\"},\"primaryImageOfPage\":{\"@id\":\"https:\\\/\\\/www.mallorcaimmobilien.com\\\/blog\\\/en\\\/information\\\/mallorca-information\\\/mallorca\\\/#primaryimage\"},\"image\":{\"@id\":\"https:\\\/\\\/www.mallorcaimmobilien.com\\\/blog\\\/en\\\/information\\\/mallorca-information\\\/mallorca\\\/#primaryimage\"},\"thumbnailUrl\":\"https:\\\/\\\/www.mallorcaimmobilien.com\\\/blog\\\/en\\\/wp-content\\\/uploads\\\/2020\\\/05\\\/mallorca.jpg\",\"datePublished\":\"2020-02-26T15:38:16+00:00\",\"dateModified\":\"2020-05-18T09:37:21+00:00\",\"description\":\"Mallorca, die gr\u00f6\u00dfte Baleareninsel und auch die gr\u00f6\u00dfte zu Spanien geh\u00f6rende Insel, bietet jedem Urlauber und Residenten eine kaum zu \u00fcbertreffende Vielfalt.\",\"breadcrumb\":{\"@id\":\"https:\\\/\\\/www.mallorcaimmobilien.com\\\/blog\\\/en\\\/information\\\/mallorca-information\\\/mallorca\\\/#breadcrumb\"},\"inLanguage\":\"en-GB\",\"potentialAction\":[{\"@type\":\"ReadAction\",\"target\":[\"https:\\\/\\\/www.mallorcaimmobilien.com\\\/blog\\\/en\\\/information\\\/mallorca-information\\\/mallorca\\\/\"]}]},{\"@type\":\"ImageObject\",\"inLanguage\":\"en-GB\",\"@id\":\"https:\\\/\\\/www.mallorcaimmobilien.com\\\/blog\\\/en\\\/information\\\/mallorca-information\\\/mallorca\\\/#primaryimage\",\"url\":\"https:\\\/\\\/www.mallorcaimmobilien.com\\\/blog\\\/en\\\/wp-content\\\/uploads\\\/2020\\\/05\\\/mallorca.jpg\",\"contentUrl\":\"https:\\\/\\\/www.mallorcaimmobilien.com\\\/blog\\\/en\\\/wp-content\\\/uploads\\\/2020\\\/05\\\/mallorca.jpg\",\"width\":750,\"height\":197,\"caption\":\"mallorca Port\"},{\"@type\":\"BreadcrumbList\",\"@id\":\"https:\\\/\\\/www.mallorcaimmobilien.com\\\/blog\\\/en\\\/information\\\/mallorca-information\\\/mallorca\\\/#breadcrumb\",\"itemListElement\":[{\"@type\":\"ListItem\",\"position\":1,\"name\":\"Startseite\",\"item\":\"https:\\\/\\\/www.mallorcaimmobilien.com\\\/blog\\\/en\\\/\"},{\"@type\":\"ListItem\",\"position\":2,\"name\":\"Information\",\"item\":\"https:\\\/\\\/www.mallorcaimmobilien.com\\\/blog\\\/en\\\/information\\\/\"},{\"@type\":\"ListItem\",\"position\":3,\"name\":\"Mallorca Information\",\"item\":\"https:\\\/\\\/www.mallorcaimmobilien.com\\\/blog\\\/en\\\/information\\\/mallorca-information\\\/\"},{\"@type\":\"ListItem\",\"position\":4,\"name\":\"Mallorca\"}]},{\"@type\":\"WebSite\",\"@id\":\"https:\\\/\\\/www.mallorcaimmobilien.com\\\/blog\\\/en\\\/#website\",\"url\":\"https:\\\/\\\/www.mallorcaimmobilien.com\\\/blog\\\/en\\\/\",\"name\":\"Immobilien Mallorca Blog\",\"description\":\"Casa Nova Properties\",\"publisher\":{\"@id\":\"https:\\\/\\\/www.mallorcaimmobilien.com\\\/blog\\\/en\\\/#organization\"},\"potentialAction\":[{\"@type\":\"SearchAction\",\"target\":{\"@type\":\"EntryPoint\",\"urlTemplate\":\"https:\\\/\\\/www.mallorcaimmobilien.com\\\/blog\\\/en\\\/?s={search_term_string}\"},\"query-input\":{\"@type\":\"PropertyValueSpecification\",\"valueRequired\":true,\"valueName\":\"search_term_string\"}}],\"inLanguage\":\"en-GB\"},{\"@type\":\"Organization\",\"@id\":\"https:\\\/\\\/www.mallorcaimmobilien.com\\\/blog\\\/en\\\/#organization\",\"name\":\"Casa Nova Properties S. L.\",\"url\":\"https:\\\/\\\/www.mallorcaimmobilien.com\\\/blog\\\/en\\\/\",\"logo\":{\"@type\":\"ImageObject\",\"inLanguage\":\"en-GB\",\"@id\":\"https:\\\/\\\/www.mallorcaimmobilien.com\\\/blog\\\/en\\\/#\\\/schema\\\/logo\\\/image\\\/\",\"url\":\"https:\\\/\\\/www.mallorcaimmobilien.com\\\/blog\\\/en\\\/wp-content\\\/uploads\\\/2020\\\/02\\\/casanovalogo-web.png\",\"contentUrl\":\"https:\\\/\\\/www.mallorcaimmobilien.com\\\/blog\\\/en\\\/wp-content\\\/uploads\\\/2020\\\/02\\\/casanovalogo-web.png\",\"width\":478,\"height\":152,\"caption\":\"Casa Nova Properties S. L.\"},\"image\":{\"@id\":\"https:\\\/\\\/www.mallorcaimmobilien.com\\\/blog\\\/en\\\/#\\\/schema\\\/logo\\\/image\\\/\"},\"sameAs\":[\"https:\\\/\\\/www.facebook.com\\\/casanova.immobilien.mallorca\",\"https:\\\/\\\/x.com\\\/Immosantaponsa\",\"https:\\\/\\\/www.instagram.com\\\/casanovaproperties.mallorca\\\/\",\"http:\\\/\\\/www.pinterest.com\\\/cnpimmobilien\\\/\",\"https:\\\/\\\/www.youtube.com\\\/channel\\\/UC9PGIa8TcOBJrQEx3uGuLgw\"]}]}<\/script>\n<!-- \/ Yoast SEO plugin. -->","yoast_head_json":{"title":"Mallorca - Immobilien Mallorca Blog","description":"Mallorca, die gr\u00f6\u00dfte Baleareninsel und auch die gr\u00f6\u00dfte zu Spanien geh\u00f6rende Insel, bietet jedem Urlauber und Residenten eine kaum zu \u00fcbertreffende Vielfalt.","robots":{"index":"index","follow":"follow","max-snippet":"max-snippet:-1","max-image-preview":"max-image-preview:large","max-video-preview":"max-video-preview:-1"},"canonical":"https:\/\/www.mallorcaimmobilien.com\/blog\/en\/information\/mallorca-information\/mallorca\/","og_locale":"en_GB","og_type":"article","og_title":"Mallorca - Immobilien Mallorca Blog","og_description":"Mallorca, die gr\u00f6\u00dfte Baleareninsel und auch die gr\u00f6\u00dfte zu Spanien geh\u00f6rende Insel, bietet jedem Urlauber und Residenten eine kaum zu \u00fcbertreffende Vielfalt.","og_url":"https:\/\/www.mallorcaimmobilien.com\/blog\/en\/information\/mallorca-information\/mallorca\/","og_site_name":"Immobilien Mallorca Blog","article_publisher":"https:\/\/www.facebook.com\/casanova.immobilien.mallorca","article_modified_time":"2020-05-18T09:37:21+00:00","og_image":[{"url":"https:\/\/www.mallorcaimmobilien.com\/blog\/en\/wp-content\/uploads\/2020\/05\/mallorca.jpg","type":"","width":"","height":""}],"twitter_card":"summary_large_image","twitter_site":"@Immosantaponsa","twitter_misc":{"Estimated reading time":"2 minutes"},"schema":{"@context":"https:\/\/schema.org","@graph":[{"@type":"WebPage","@id":"https:\/\/www.mallorcaimmobilien.com\/blog\/en\/information\/mallorca-information\/mallorca\/","url":"https:\/\/www.mallorcaimmobilien.com\/blog\/en\/information\/mallorca-information\/mallorca\/","name":"Mallorca - Immobilien Mallorca Blog","isPartOf":{"@id":"https:\/\/www.mallorcaimmobilien.com\/blog\/en\/#website"},"primaryImageOfPage":{"@id":"https:\/\/www.mallorcaimmobilien.com\/blog\/en\/information\/mallorca-information\/mallorca\/#primaryimage"},"image":{"@id":"https:\/\/www.mallorcaimmobilien.com\/blog\/en\/information\/mallorca-information\/mallorca\/#primaryimage"},"thumbnailUrl":"https:\/\/www.mallorcaimmobilien.com\/blog\/en\/wp-content\/uploads\/2020\/05\/mallorca.jpg","datePublished":"2020-02-26T15:38:16+00:00","dateModified":"2020-05-18T09:37:21+00:00","description":"Mallorca, die gr\u00f6\u00dfte Baleareninsel und auch die gr\u00f6\u00dfte zu Spanien geh\u00f6rende Insel, bietet jedem Urlauber und Residenten eine kaum zu \u00fcbertreffende Vielfalt.","breadcrumb":{"@id":"https:\/\/www.mallorcaimmobilien.com\/blog\/en\/information\/mallorca-information\/mallorca\/#breadcrumb"},"inLanguage":"en-GB","potentialAction":[{"@type":"ReadAction","target":["https:\/\/www.mallorcaimmobilien.com\/blog\/en\/information\/mallorca-information\/mallorca\/"]}]},{"@type":"ImageObject","inLanguage":"en-GB","@id":"https:\/\/www.mallorcaimmobilien.com\/blog\/en\/information\/mallorca-information\/mallorca\/#primaryimage","url":"https:\/\/www.mallorcaimmobilien.com\/blog\/en\/wp-content\/uploads\/2020\/05\/mallorca.jpg","contentUrl":"https:\/\/www.mallorcaimmobilien.com\/blog\/en\/wp-content\/uploads\/2020\/05\/mallorca.jpg","width":750,"height":197,"caption":"mallorca Port"},{"@type":"BreadcrumbList","@id":"https:\/\/www.mallorcaimmobilien.com\/blog\/en\/information\/mallorca-information\/mallorca\/#breadcrumb","itemListElement":[{"@type":"ListItem","position":1,"name":"Startseite","item":"https:\/\/www.mallorcaimmobilien.com\/blog\/en\/"},{"@type":"ListItem","position":2,"name":"Information","item":"https:\/\/www.mallorcaimmobilien.com\/blog\/en\/information\/"},{"@type":"ListItem","position":3,"name":"Mallorca Information","item":"https:\/\/www.mallorcaimmobilien.com\/blog\/en\/information\/mallorca-information\/"},{"@type":"ListItem","position":4,"name":"Mallorca"}]},{"@type":"WebSite","@id":"https:\/\/www.mallorcaimmobilien.com\/blog\/en\/#website","url":"https:\/\/www.mallorcaimmobilien.com\/blog\/en\/","name":"Immobilien Mallorca Blog","description":"Casa Nova Properties","publisher":{"@id":"https:\/\/www.mallorcaimmobilien.com\/blog\/en\/#organization"},"potentialAction":[{"@type":"SearchAction","target":{"@type":"EntryPoint","urlTemplate":"https:\/\/www.mallorcaimmobilien.com\/blog\/en\/?s={search_term_string}"},"query-input":{"@type":"PropertyValueSpecification","valueRequired":true,"valueName":"search_term_string"}}],"inLanguage":"en-GB"},{"@type":"Organization","@id":"https:\/\/www.mallorcaimmobilien.com\/blog\/en\/#organization","name":"Casa Nova Properties S. L.","url":"https:\/\/www.mallorcaimmobilien.com\/blog\/en\/","logo":{"@type":"ImageObject","inLanguage":"en-GB","@id":"https:\/\/www.mallorcaimmobilien.com\/blog\/en\/#\/schema\/logo\/image\/","url":"https:\/\/www.mallorcaimmobilien.com\/blog\/en\/wp-content\/uploads\/2020\/02\/casanovalogo-web.png","contentUrl":"https:\/\/www.mallorcaimmobilien.com\/blog\/en\/wp-content\/uploads\/2020\/02\/casanovalogo-web.png","width":478,"height":152,"caption":"Casa Nova Properties S. L."},"image":{"@id":"https:\/\/www.mallorcaimmobilien.com\/blog\/en\/#\/schema\/logo\/image\/"},"sameAs":["https:\/\/www.facebook.com\/casanova.immobilien.mallorca","https:\/\/x.com\/Immosantaponsa","https:\/\/www.instagram.com\/casanovaproperties.mallorca\/","http:\/\/www.pinterest.com\/cnpimmobilien\/","https:\/\/www.youtube.com\/channel\/UC9PGIa8TcOBJrQEx3uGuLgw"]}]}},"_links":{"self":[{"href":"https:\/\/www.mallorcaimmobilien.com\/blog\/en\/wp-json\/wp\/v2\/pages\/6798","targetHints":{"allow":["GET"]}}],"collection":[{"href":"https:\/\/www.mallorcaimmobilien.com\/blog\/en\/wp-json\/wp\/v2\/pages"}],"about":[{"href":"https:\/\/www.mallorcaimmobilien.com\/blog\/en\/wp-json\/wp\/v2\/types\/page"}],"author":[{"embeddable":true,"href":"https:\/\/www.mallorcaimmobilien.com\/blog\/en\/wp-json\/wp\/v2\/users\/2"}],"replies":[{"embeddable":true,"href":"https:\/\/www.mallorcaimmobilien.com\/blog\/en\/wp-json\/wp\/v2\/comments?post=6798"}],"version-history":[{"count":0,"href":"https:\/\/www.mallorcaimmobilien.com\/blog\/en\/wp-json\/wp\/v2\/pages\/6798\/revisions"}],"up":[{"embeddable":true,"href":"https:\/\/www.mallorcaimmobilien.com\/blog\/en\/wp-json\/wp\/v2\/pages\/6792"}],"wp:attachment":[{"href":"https:\/\/www.mallorcaimmobilien.com\/blog\/en\/wp-json\/wp\/v2\/media?parent=6798"}],"curies":[{"name":"wp","href":"https:\/\/api.w.org\/{rel}","templated":true}]}}