{"id":7414,"date":"2020-05-18T12:59:35","date_gmt":"2020-05-18T12:59:35","guid":{"rendered":"https:\/\/dev1.cnp-mallorca.info\/bloges\/?page_id=7414"},"modified":"2024-10-22T09:45:56","modified_gmt":"2024-10-22T09:45:56","slug":"mallorca","status":"publish","type":"page","link":"https:\/\/www.mallorcaimmobilien.com\/blog\/es\/mallorca-informacion\/mallorca\/","title":{"rendered":"Mallorca"},"content":{"rendered":"<p><img loading=\"lazy\" decoding=\"async\" class=\"alignnone size-full wp-image-7420\" src=\"https:\/\/www.mallorcaimmobilien.com\/blog\/es\/wp-content\/uploads\/2020\/05\/mallorca.jpg\" alt=\"\" width=\"750\" height=\"197\" srcset=\"https:\/\/www.mallorcaimmobilien.com\/blog\/es\/wp-content\/uploads\/2020\/05\/mallorca.jpg 750w, https:\/\/www.mallorcaimmobilien.com\/blog\/es\/wp-content\/uploads\/2020\/05\/mallorca-330x87.jpg 330w\" sizes=\"auto, (max-width: 750px) 100vw, 750px\" \/><\/p>\n<h1>Mallorca &#8211; la isla m\u00e1s hermosa en el mar mediterr\u00e1neo.<\/h1>\n<p>Mallorca es la isla m\u00e1s grande de las Islas Baleares y la isla m\u00e1s grande de Espa\u00f1a. No importa si usted est\u00e1 interesado en eventos culturales, sitios hist\u00f3ricos, naturalezas impresionantes o en la vida vibrante de la capital de Palma: Mallorca ofrece mucha variedad para todos gustos.<\/p>\n<p>Numerosos monumentos, edificios hist\u00f3ricos, museos, iglesias y galer\u00edas de arte forman la riqueza cultural, arquitect\u00f3nica y art\u00edstica de esta isla.<\/p>\n<p>Una caracter\u00edstica especial en el suroeste de la isla es la \u00abSierra de Tramuntana\u00bb, desde 2011 Patrimonio de la humanidad de UNESCO. Una amplia gama de monta\u00f1a hasta 15 kil\u00f3metros y 11 cimas de monta\u00f1as con una altitud hasta 1. 500 metros. Zonas costeras, torrentes y peque\u00f1as bahias son un encanto para los amantes de la naturaleza.<\/p>\n<p>Desde la bah\u00eda de Palma se puede ver la Trumunata, que se extiende desde el municipio de Andratx hasta el extremo norte de Alcudia. En d\u00edas claros se puede disfrutar de las vistas maravillosas a Menorca, la hermana peque\u00f1a de Mallorca.<\/p>\n<p>El clima subtropical y los inviernos cortos de las Islas Baleares, por supuesto las 158 playas, numerosas peque\u00f1as calas y m\u00e1s de 20 campos de golf integrados en la naturaleza son una verdarera joya de la isla!<\/p>\n<p>Deportes acu\u00e1ticos o nataci\u00f3n, inmersiones exoticas o unas relajantes vacaciones de golf.<\/p>\n<p>Nadie se va a aburrir aqu\u00ed.<\/p>\n<p>Sin duda es importante, que en el momento construyen un gran centro de tenis en Santa Ponsa. As\u00ed los torneos de la WTA pueden ser de gran interes para los aficionados al tenis.<\/p>\n<p>Aqu\u00ed le damos algunas informaciones \u00fatiles: Mallorca se encuentra al este de la pen\u00ednsula y cuenta con una extensi\u00f3n este &#8211; oeste m\u00e1xima de 98 kil\u00f3metros y una longitud de norte al sur de 78 kil\u00f3metros (toda la costa es de 550 km de longitud) y pertenece a la regi\u00f3n aut\u00f3noma de las Islas Baleares y con la capital Palma de Mallorca.<\/p>\n<p>Mallorca est\u00e1 dividida en 53 municipios con su propio asiento. En el sur oeste se encuentran los municipios de Calvi\u00e0 y Andratx, que son los municipios m\u00e1s ricos de Mallorca.<\/p>\n<p>El turismo es la columna vertebral economica de las Baleares as\u00ed como de Mallorca y se encuentra significativamente por delante de la regi\u00f3n tur\u00edstica de Catalu\u00f1a.<\/p>\n","protected":false},"excerpt":{"rendered":"<p>Mallorca &#8211; la isla m\u00e1s hermosa en el mar mediterr\u00e1neo. Mallorca es la isla m\u00e1s grande de las Islas Baleares y la isla m\u00e1s grande de Espa\u00f1a. No importa si usted est\u00e1 interesado en eventos culturales, sitios hist\u00f3ricos, naturalezas impresionantes o en la vida vibrante de la capital de Palma: Mallorca ofrece mucha variedad para [&hellip;]<\/p>\n","protected":false},"author":2,"featured_media":7422,"parent":7412,"menu_order":0,"comment_status":"closed","ping_status":"closed","template":"","meta":{"footnotes":""},"class_list":["post-7414","page","type-page","status-publish","has-post-thumbnail","hentry"],"yoast_head":"<!-- This site is optimized with the Yoast SEO plugin v27.4 - https:\/\/yoast.com\/product\/yoast-seo-wordpress\/ -->\n<title>Mallorca - Immobilien Mallorca Blog<\/title>\n<meta name=\"robots\" content=\"index, follow, max-snippet:-1, max-image-preview:large, max-video-preview:-1\" \/>\n<link rel=\"canonical\" href=\"https:\/\/www.mallorcaimmobilien.com\/blog\/es\/mallorca-informacion\/mallorca\/\" \/>\n<meta property=\"og:locale\" content=\"es_ES\" \/>\n<meta property=\"og:type\" content=\"article\" \/>\n<meta property=\"og:title\" content=\"Mallorca - Immobilien Mallorca Blog\" \/>\n<meta property=\"og:description\" content=\"Mallorca &#8211; la isla m\u00e1s hermosa en el mar mediterr\u00e1neo. Mallorca es la isla m\u00e1s grande de las Islas Baleares y la isla m\u00e1s grande de Espa\u00f1a. No importa si usted est\u00e1 interesado en eventos culturales, sitios hist\u00f3ricos, naturalezas impresionantes o en la vida vibrante de la capital de Palma: Mallorca ofrece mucha variedad para [&hellip;]\" \/>\n<meta property=\"og:url\" content=\"https:\/\/www.mallorcaimmobilien.com\/blog\/es\/mallorca-informacion\/mallorca\/\" \/>\n<meta property=\"og:site_name\" content=\"Immobilien Mallorca Blog\" \/>\n<meta property=\"article:publisher\" content=\"https:\/\/www.facebook.com\/casanova.immobilien.mallorca\" \/>\n<meta property=\"article:modified_time\" content=\"2024-10-22T09:45:56+00:00\" \/>\n<meta property=\"og:image\" content=\"https:\/\/www.mallorcaimmobilien.com\/blog\/es\/wp-content\/uploads\/2020\/05\/santaponsa.jpg\" \/>\n\t<meta property=\"og:image:width\" content=\"750\" \/>\n\t<meta property=\"og:image:height\" content=\"197\" \/>\n\t<meta property=\"og:image:type\" content=\"image\/jpeg\" \/>\n<meta name=\"twitter:card\" content=\"summary_large_image\" \/>\n<meta name=\"twitter:site\" content=\"@Immosantaponsa\" \/>\n<meta name=\"twitter:label1\" content=\"Tiempo de lectura\" \/>\n\t<meta name=\"twitter:data1\" content=\"3 minutos\" \/>\n<script type=\"application\/ld+json\" class=\"yoast-schema-graph\">{\"@context\":\"https:\\\/\\\/schema.org\",\"@graph\":[{\"@type\":\"WebPage\",\"@id\":\"https:\\\/\\\/www.mallorcaimmobilien.com\\\/blog\\\/es\\\/mallorca-informacion\\\/mallorca\\\/\",\"url\":\"https:\\\/\\\/www.mallorcaimmobilien.com\\\/blog\\\/es\\\/mallorca-informacion\\\/mallorca\\\/\",\"name\":\"Mallorca - Immobilien Mallorca Blog\",\"isPartOf\":{\"@id\":\"https:\\\/\\\/www.mallorcaimmobilien.com\\\/blog\\\/es\\\/#website\"},\"primaryImageOfPage\":{\"@id\":\"https:\\\/\\\/www.mallorcaimmobilien.com\\\/blog\\\/es\\\/mallorca-informacion\\\/mallorca\\\/#primaryimage\"},\"image\":{\"@id\":\"https:\\\/\\\/www.mallorcaimmobilien.com\\\/blog\\\/es\\\/mallorca-informacion\\\/mallorca\\\/#primaryimage\"},\"thumbnailUrl\":\"https:\\\/\\\/www.mallorcaimmobilien.com\\\/blog\\\/es\\\/wp-content\\\/uploads\\\/2020\\\/05\\\/santaponsa.jpg\",\"datePublished\":\"2020-05-18T12:59:35+00:00\",\"dateModified\":\"2024-10-22T09:45:56+00:00\",\"breadcrumb\":{\"@id\":\"https:\\\/\\\/www.mallorcaimmobilien.com\\\/blog\\\/es\\\/mallorca-informacion\\\/mallorca\\\/#breadcrumb\"},\"inLanguage\":\"es\",\"potentialAction\":[{\"@type\":\"ReadAction\",\"target\":[\"https:\\\/\\\/www.mallorcaimmobilien.com\\\/blog\\\/es\\\/mallorca-informacion\\\/mallorca\\\/\"]}]},{\"@type\":\"ImageObject\",\"inLanguage\":\"es\",\"@id\":\"https:\\\/\\\/www.mallorcaimmobilien.com\\\/blog\\\/es\\\/mallorca-informacion\\\/mallorca\\\/#primaryimage\",\"url\":\"https:\\\/\\\/www.mallorcaimmobilien.com\\\/blog\\\/es\\\/wp-content\\\/uploads\\\/2020\\\/05\\\/santaponsa.jpg\",\"contentUrl\":\"https:\\\/\\\/www.mallorcaimmobilien.com\\\/blog\\\/es\\\/wp-content\\\/uploads\\\/2020\\\/05\\\/santaponsa.jpg\",\"width\":750,\"height\":197,\"caption\":\"Ambiente playero\"},{\"@type\":\"BreadcrumbList\",\"@id\":\"https:\\\/\\\/www.mallorcaimmobilien.com\\\/blog\\\/es\\\/mallorca-informacion\\\/mallorca\\\/#breadcrumb\",\"itemListElement\":[{\"@type\":\"ListItem\",\"position\":1,\"name\":\"Startseite\",\"item\":\"https:\\\/\\\/www.mallorcaimmobilien.com\\\/blog\\\/es\\\/\"},{\"@type\":\"ListItem\",\"position\":2,\"name\":\"Mallorca Informaci\u00f3n\",\"item\":\"https:\\\/\\\/www.mallorcaimmobilien.com\\\/blog\\\/es\\\/mallorca-informacion\\\/\"},{\"@type\":\"ListItem\",\"position\":3,\"name\":\"Mallorca\"}]},{\"@type\":\"WebSite\",\"@id\":\"https:\\\/\\\/www.mallorcaimmobilien.com\\\/blog\\\/es\\\/#website\",\"url\":\"https:\\\/\\\/www.mallorcaimmobilien.com\\\/blog\\\/es\\\/\",\"name\":\"Immobilien Mallorca Blog\",\"description\":\"Casa Nova Properties\",\"publisher\":{\"@id\":\"https:\\\/\\\/www.mallorcaimmobilien.com\\\/blog\\\/es\\\/#organization\"},\"potentialAction\":[{\"@type\":\"SearchAction\",\"target\":{\"@type\":\"EntryPoint\",\"urlTemplate\":\"https:\\\/\\\/www.mallorcaimmobilien.com\\\/blog\\\/es\\\/?s={search_term_string}\"},\"query-input\":{\"@type\":\"PropertyValueSpecification\",\"valueRequired\":true,\"valueName\":\"search_term_string\"}}],\"inLanguage\":\"es\"},{\"@type\":\"Organization\",\"@id\":\"https:\\\/\\\/www.mallorcaimmobilien.com\\\/blog\\\/es\\\/#organization\",\"name\":\"Casa Nova Properties S. L.\",\"url\":\"https:\\\/\\\/www.mallorcaimmobilien.com\\\/blog\\\/es\\\/\",\"logo\":{\"@type\":\"ImageObject\",\"inLanguage\":\"es\",\"@id\":\"https:\\\/\\\/www.mallorcaimmobilien.com\\\/blog\\\/es\\\/#\\\/schema\\\/logo\\\/image\\\/\",\"url\":\"\",\"contentUrl\":\"\",\"caption\":\"Casa Nova Properties S. L.\"},\"image\":{\"@id\":\"https:\\\/\\\/www.mallorcaimmobilien.com\\\/blog\\\/es\\\/#\\\/schema\\\/logo\\\/image\\\/\"},\"sameAs\":[\"https:\\\/\\\/www.facebook.com\\\/casanova.immobilien.mallorca\",\"https:\\\/\\\/x.com\\\/Immosantaponsa\",\"https:\\\/\\\/www.instagram.com\\\/casanovaproperties.mallorca\\\/\",\"http:\\\/\\\/www.pinterest.com\\\/cnpimmobilien\\\/\",\"https:\\\/\\\/www.youtube.com\\\/channel\\\/UC9PGIa8TcOBJrQEx3uGuLgw\"]}]}<\/script>\n<!-- \/ Yoast SEO plugin. -->","yoast_head_json":{"title":"Mallorca - Immobilien Mallorca Blog","robots":{"index":"index","follow":"follow","max-snippet":"max-snippet:-1","max-image-preview":"max-image-preview:large","max-video-preview":"max-video-preview:-1"},"canonical":"https:\/\/www.mallorcaimmobilien.com\/blog\/es\/mallorca-informacion\/mallorca\/","og_locale":"es_ES","og_type":"article","og_title":"Mallorca - Immobilien Mallorca Blog","og_description":"Mallorca &#8211; la isla m\u00e1s hermosa en el mar mediterr\u00e1neo. Mallorca es la isla m\u00e1s grande de las Islas Baleares y la isla m\u00e1s grande de Espa\u00f1a. No importa si usted est\u00e1 interesado en eventos culturales, sitios hist\u00f3ricos, naturalezas impresionantes o en la vida vibrante de la capital de Palma: Mallorca ofrece mucha variedad para [&hellip;]","og_url":"https:\/\/www.mallorcaimmobilien.com\/blog\/es\/mallorca-informacion\/mallorca\/","og_site_name":"Immobilien Mallorca Blog","article_publisher":"https:\/\/www.facebook.com\/casanova.immobilien.mallorca","article_modified_time":"2024-10-22T09:45:56+00:00","og_image":[{"width":750,"height":197,"url":"https:\/\/www.mallorcaimmobilien.com\/blog\/es\/wp-content\/uploads\/2020\/05\/santaponsa.jpg","type":"image\/jpeg"}],"twitter_card":"summary_large_image","twitter_site":"@Immosantaponsa","twitter_misc":{"Tiempo de lectura":"3 minutos"},"schema":{"@context":"https:\/\/schema.org","@graph":[{"@type":"WebPage","@id":"https:\/\/www.mallorcaimmobilien.com\/blog\/es\/mallorca-informacion\/mallorca\/","url":"https:\/\/www.mallorcaimmobilien.com\/blog\/es\/mallorca-informacion\/mallorca\/","name":"Mallorca - Immobilien Mallorca Blog","isPartOf":{"@id":"https:\/\/www.mallorcaimmobilien.com\/blog\/es\/#website"},"primaryImageOfPage":{"@id":"https:\/\/www.mallorcaimmobilien.com\/blog\/es\/mallorca-informacion\/mallorca\/#primaryimage"},"image":{"@id":"https:\/\/www.mallorcaimmobilien.com\/blog\/es\/mallorca-informacion\/mallorca\/#primaryimage"},"thumbnailUrl":"https:\/\/www.mallorcaimmobilien.com\/blog\/es\/wp-content\/uploads\/2020\/05\/santaponsa.jpg","datePublished":"2020-05-18T12:59:35+00:00","dateModified":"2024-10-22T09:45:56+00:00","breadcrumb":{"@id":"https:\/\/www.mallorcaimmobilien.com\/blog\/es\/mallorca-informacion\/mallorca\/#breadcrumb"},"inLanguage":"es","potentialAction":[{"@type":"ReadAction","target":["https:\/\/www.mallorcaimmobilien.com\/blog\/es\/mallorca-informacion\/mallorca\/"]}]},{"@type":"ImageObject","inLanguage":"es","@id":"https:\/\/www.mallorcaimmobilien.com\/blog\/es\/mallorca-informacion\/mallorca\/#primaryimage","url":"https:\/\/www.mallorcaimmobilien.com\/blog\/es\/wp-content\/uploads\/2020\/05\/santaponsa.jpg","contentUrl":"https:\/\/www.mallorcaimmobilien.com\/blog\/es\/wp-content\/uploads\/2020\/05\/santaponsa.jpg","width":750,"height":197,"caption":"Ambiente playero"},{"@type":"BreadcrumbList","@id":"https:\/\/www.mallorcaimmobilien.com\/blog\/es\/mallorca-informacion\/mallorca\/#breadcrumb","itemListElement":[{"@type":"ListItem","position":1,"name":"Startseite","item":"https:\/\/www.mallorcaimmobilien.com\/blog\/es\/"},{"@type":"ListItem","position":2,"name":"Mallorca Informaci\u00f3n","item":"https:\/\/www.mallorcaimmobilien.com\/blog\/es\/mallorca-informacion\/"},{"@type":"ListItem","position":3,"name":"Mallorca"}]},{"@type":"WebSite","@id":"https:\/\/www.mallorcaimmobilien.com\/blog\/es\/#website","url":"https:\/\/www.mallorcaimmobilien.com\/blog\/es\/","name":"Immobilien Mallorca Blog","description":"Casa Nova Properties","publisher":{"@id":"https:\/\/www.mallorcaimmobilien.com\/blog\/es\/#organization"},"potentialAction":[{"@type":"SearchAction","target":{"@type":"EntryPoint","urlTemplate":"https:\/\/www.mallorcaimmobilien.com\/blog\/es\/?s={search_term_string}"},"query-input":{"@type":"PropertyValueSpecification","valueRequired":true,"valueName":"search_term_string"}}],"inLanguage":"es"},{"@type":"Organization","@id":"https:\/\/www.mallorcaimmobilien.com\/blog\/es\/#organization","name":"Casa Nova Properties S. L.","url":"https:\/\/www.mallorcaimmobilien.com\/blog\/es\/","logo":{"@type":"ImageObject","inLanguage":"es","@id":"https:\/\/www.mallorcaimmobilien.com\/blog\/es\/#\/schema\/logo\/image\/","url":"","contentUrl":"","caption":"Casa Nova Properties S. L."},"image":{"@id":"https:\/\/www.mallorcaimmobilien.com\/blog\/es\/#\/schema\/logo\/image\/"},"sameAs":["https:\/\/www.facebook.com\/casanova.immobilien.mallorca","https:\/\/x.com\/Immosantaponsa","https:\/\/www.instagram.com\/casanovaproperties.mallorca\/","http:\/\/www.pinterest.com\/cnpimmobilien\/","https:\/\/www.youtube.com\/channel\/UC9PGIa8TcOBJrQEx3uGuLgw"]}]}},"_links":{"self":[{"href":"https:\/\/www.mallorcaimmobilien.com\/blog\/es\/wp-json\/wp\/v2\/pages\/7414","targetHints":{"allow":["GET"]}}],"collection":[{"href":"https:\/\/www.mallorcaimmobilien.com\/blog\/es\/wp-json\/wp\/v2\/pages"}],"about":[{"href":"https:\/\/www.mallorcaimmobilien.com\/blog\/es\/wp-json\/wp\/v2\/types\/page"}],"author":[{"embeddable":true,"href":"https:\/\/www.mallorcaimmobilien.com\/blog\/es\/wp-json\/wp\/v2\/users\/2"}],"replies":[{"embeddable":true,"href":"https:\/\/www.mallorcaimmobilien.com\/blog\/es\/wp-json\/wp\/v2\/comments?post=7414"}],"version-history":[{"count":5,"href":"https:\/\/www.mallorcaimmobilien.com\/blog\/es\/wp-json\/wp\/v2\/pages\/7414\/revisions"}],"predecessor-version":[{"id":8264,"href":"https:\/\/www.mallorcaimmobilien.com\/blog\/es\/wp-json\/wp\/v2\/pages\/7414\/revisions\/8264"}],"up":[{"embeddable":true,"href":"https:\/\/www.mallorcaimmobilien.com\/blog\/es\/wp-json\/wp\/v2\/pages\/7412"}],"wp:featuredmedia":[{"embeddable":true,"href":"https:\/\/www.mallorcaimmobilien.com\/blog\/es\/wp-json\/wp\/v2\/media\/7422"}],"wp:attachment":[{"href":"https:\/\/www.mallorcaimmobilien.com\/blog\/es\/wp-json\/wp\/v2\/media?parent=7414"}],"curies":[{"name":"wp","href":"https:\/\/api.w.org\/{rel}","templated":true}]}}