{"id":7425,"date":"2020-05-18T13:16:19","date_gmt":"2020-05-18T13:16:19","guid":{"rendered":"https:\/\/dev1.cnp-mallorca.info\/bloges\/?page_id=7425"},"modified":"2020-05-18T13:18:11","modified_gmt":"2020-05-18T13:18:11","slug":"andratx","status":"publish","type":"page","link":"https:\/\/www.mallorcaimmobilien.com\/blog\/es\/mallorca-informacion\/andratx\/","title":{"rendered":"Andratx"},"content":{"rendered":"<p><img loading=\"lazy\" decoding=\"async\" class=\"alignnone size-full wp-image-7423\" src=\"https:\/\/www.mallorcaimmobilien.com\/blog\/es\/wp-content\/uploads\/2020\/05\/andrax.jpg\" alt=\"\" width=\"750\" height=\"197\" srcset=\"https:\/\/www.mallorcaimmobilien.com\/blog\/es\/wp-content\/uploads\/2020\/05\/andrax.jpg 750w, https:\/\/www.mallorcaimmobilien.com\/blog\/es\/wp-content\/uploads\/2020\/05\/andrax-330x87.jpg 330w\" sizes=\"auto, (max-width: 750px) 100vw, 750px\" \/><\/p>\n<h1>Puerto Andratx<\/h1>\n<p>Puerto Andratx esta situado en el suroeste de la isla y pertenece al municipio de Andratx, al lado de Calvia. Puerto Andratx con unos 3.200 habitantes es uno de los pocos puertos naturales y uno de los sitios mas exclusivos de la isla. El pueblo esta rodeado de monta\u00f1as en una bahia ancha con aguas cristalinos. El puerto deportivo Club de vela con barcos elegantes esta enfrente de la parte antigua. La parte tradicional y antiguo de Puerto Andratx con callecitas y casas tipicas invita a pasear y encontrar restaurantes y boutiques nobles.<\/p>\n<p>El boulevard del puerto con una variedad de restaurantes y caf\u00e9s invita a disfrutar de las vistas al puerto, al mar y a la monta\u00f1a. Por supuesto la especialidad aqu\u00ed es el pescado fresco. Todavia esta en marcha la pescera y cada d\u00eda hay la posibilidad de comprar el pescado fresco directo de los pescadores en el mercado. Chal\u00e9ts y complejos de apartamentos exclusivos se encuentra en las zonas de Monport, La Mola, Cala Marmacen o Cala Moragues,<\/p>\n<p>El pueblo Andratx esta a unos 2 km del puerto, aqu\u00ed esta el ajuntamiento de Andratx. Aqu\u00ed hay casas tipicas, calles estrechas y un mercado semanal con productos locales. En las afueras se encuentra la bodega Santa Catarina con vinos locales \u2013 para visitar las bodegas y venta directa.<\/p>\n<p>Camp de Mar con el campo de golf Golf de Andratx esta a solo pocos minutes en coche. Aqu\u00ed hay una playa de arena y tambi\u00e9n inmuebles exclusivos.<\/p>\n<p>Una carretara comfortable dejar llegar al capital Palma de Mallorca en solo 25 minutos.<\/p>\n","protected":false},"excerpt":{"rendered":"<p>Puerto Andratx Puerto Andratx esta situado en el suroeste de la isla y pertenece al municipio de Andratx, al lado de Calvia. Puerto Andratx con unos 3.200 habitantes es uno de los pocos puertos naturales y uno de los sitios mas exclusivos de la isla. El pueblo esta rodeado de monta\u00f1as en una bahia ancha [&hellip;]<\/p>\n","protected":false},"author":2,"featured_media":0,"parent":7412,"menu_order":0,"comment_status":"closed","ping_status":"closed","template":"","meta":{"footnotes":""},"class_list":["post-7425","page","type-page","status-publish","hentry"],"yoast_head":"<!-- This site is optimized with the Yoast SEO plugin v27.5 - https:\/\/yoast.com\/product\/yoast-seo-wordpress\/ -->\n<title>Andratx - Immobilien Mallorca Blog<\/title>\n<meta name=\"robots\" content=\"index, follow, max-snippet:-1, max-image-preview:large, max-video-preview:-1\" \/>\n<link rel=\"canonical\" href=\"https:\/\/www.mallorcaimmobilien.com\/blog\/es\/mallorca-informacion\/andratx\/\" \/>\n<meta property=\"og:locale\" content=\"es_ES\" \/>\n<meta property=\"og:type\" content=\"article\" \/>\n<meta property=\"og:title\" content=\"Andratx - Immobilien Mallorca Blog\" \/>\n<meta property=\"og:description\" content=\"Puerto Andratx Puerto Andratx esta situado en el suroeste de la isla y pertenece al municipio de Andratx, al lado de Calvia. Puerto Andratx con unos 3.200 habitantes es uno de los pocos puertos naturales y uno de los sitios mas exclusivos de la isla. El pueblo esta rodeado de monta\u00f1as en una bahia ancha [&hellip;]\" \/>\n<meta property=\"og:url\" content=\"https:\/\/www.mallorcaimmobilien.com\/blog\/es\/mallorca-informacion\/andratx\/\" \/>\n<meta property=\"og:site_name\" content=\"Immobilien Mallorca Blog\" \/>\n<meta property=\"article:publisher\" content=\"https:\/\/www.facebook.com\/casanova.immobilien.mallorca\" \/>\n<meta property=\"article:modified_time\" content=\"2020-05-18T13:18:11+00:00\" \/>\n<meta property=\"og:image\" content=\"https:\/\/www.mallorcaimmobilien.com\/blog\/es\/wp-content\/uploads\/2020\/05\/andrax.jpg\" \/>\n<meta name=\"twitter:card\" content=\"summary_large_image\" \/>\n<meta name=\"twitter:site\" content=\"@Immosantaponsa\" \/>\n<meta name=\"twitter:label1\" content=\"Tiempo de lectura\" \/>\n\t<meta name=\"twitter:data1\" content=\"1 minuto\" \/>\n<script type=\"application\/ld+json\" class=\"yoast-schema-graph\">{\"@context\":\"https:\\\/\\\/schema.org\",\"@graph\":[{\"@type\":\"WebPage\",\"@id\":\"https:\\\/\\\/www.mallorcaimmobilien.com\\\/blog\\\/es\\\/mallorca-informacion\\\/andratx\\\/\",\"url\":\"https:\\\/\\\/www.mallorcaimmobilien.com\\\/blog\\\/es\\\/mallorca-informacion\\\/andratx\\\/\",\"name\":\"Andratx - Immobilien Mallorca Blog\",\"isPartOf\":{\"@id\":\"https:\\\/\\\/www.mallorcaimmobilien.com\\\/blog\\\/es\\\/#website\"},\"primaryImageOfPage\":{\"@id\":\"https:\\\/\\\/www.mallorcaimmobilien.com\\\/blog\\\/es\\\/mallorca-informacion\\\/andratx\\\/#primaryimage\"},\"image\":{\"@id\":\"https:\\\/\\\/www.mallorcaimmobilien.com\\\/blog\\\/es\\\/mallorca-informacion\\\/andratx\\\/#primaryimage\"},\"thumbnailUrl\":\"https:\\\/\\\/www.mallorcaimmobilien.com\\\/blog\\\/es\\\/wp-content\\\/uploads\\\/2020\\\/05\\\/andrax.jpg\",\"datePublished\":\"2020-05-18T13:16:19+00:00\",\"dateModified\":\"2020-05-18T13:18:11+00:00\",\"breadcrumb\":{\"@id\":\"https:\\\/\\\/www.mallorcaimmobilien.com\\\/blog\\\/es\\\/mallorca-informacion\\\/andratx\\\/#breadcrumb\"},\"inLanguage\":\"es\",\"potentialAction\":[{\"@type\":\"ReadAction\",\"target\":[\"https:\\\/\\\/www.mallorcaimmobilien.com\\\/blog\\\/es\\\/mallorca-informacion\\\/andratx\\\/\"]}]},{\"@type\":\"ImageObject\",\"inLanguage\":\"es\",\"@id\":\"https:\\\/\\\/www.mallorcaimmobilien.com\\\/blog\\\/es\\\/mallorca-informacion\\\/andratx\\\/#primaryimage\",\"url\":\"https:\\\/\\\/www.mallorcaimmobilien.com\\\/blog\\\/es\\\/wp-content\\\/uploads\\\/2020\\\/05\\\/andrax.jpg\",\"contentUrl\":\"https:\\\/\\\/www.mallorcaimmobilien.com\\\/blog\\\/es\\\/wp-content\\\/uploads\\\/2020\\\/05\\\/andrax.jpg\",\"width\":750,\"height\":197,\"caption\":\"Gran lago\\\/puerto\"},{\"@type\":\"BreadcrumbList\",\"@id\":\"https:\\\/\\\/www.mallorcaimmobilien.com\\\/blog\\\/es\\\/mallorca-informacion\\\/andratx\\\/#breadcrumb\",\"itemListElement\":[{\"@type\":\"ListItem\",\"position\":1,\"name\":\"Startseite\",\"item\":\"https:\\\/\\\/www.mallorcaimmobilien.com\\\/blog\\\/es\\\/\"},{\"@type\":\"ListItem\",\"position\":2,\"name\":\"Mallorca Informaci\u00f3n\",\"item\":\"https:\\\/\\\/www.mallorcaimmobilien.com\\\/blog\\\/es\\\/mallorca-informacion\\\/\"},{\"@type\":\"ListItem\",\"position\":3,\"name\":\"Andratx\"}]},{\"@type\":\"WebSite\",\"@id\":\"https:\\\/\\\/www.mallorcaimmobilien.com\\\/blog\\\/es\\\/#website\",\"url\":\"https:\\\/\\\/www.mallorcaimmobilien.com\\\/blog\\\/es\\\/\",\"name\":\"Immobilien Mallorca Blog\",\"description\":\"Casa Nova Properties\",\"publisher\":{\"@id\":\"https:\\\/\\\/www.mallorcaimmobilien.com\\\/blog\\\/es\\\/#organization\"},\"potentialAction\":[{\"@type\":\"SearchAction\",\"target\":{\"@type\":\"EntryPoint\",\"urlTemplate\":\"https:\\\/\\\/www.mallorcaimmobilien.com\\\/blog\\\/es\\\/?s={search_term_string}\"},\"query-input\":{\"@type\":\"PropertyValueSpecification\",\"valueRequired\":true,\"valueName\":\"search_term_string\"}}],\"inLanguage\":\"es\"},{\"@type\":\"Organization\",\"@id\":\"https:\\\/\\\/www.mallorcaimmobilien.com\\\/blog\\\/es\\\/#organization\",\"name\":\"Casa Nova Properties S. L.\",\"url\":\"https:\\\/\\\/www.mallorcaimmobilien.com\\\/blog\\\/es\\\/\",\"logo\":{\"@type\":\"ImageObject\",\"inLanguage\":\"es\",\"@id\":\"https:\\\/\\\/www.mallorcaimmobilien.com\\\/blog\\\/es\\\/#\\\/schema\\\/logo\\\/image\\\/\",\"url\":\"\",\"contentUrl\":\"\",\"caption\":\"Casa Nova Properties S. L.\"},\"image\":{\"@id\":\"https:\\\/\\\/www.mallorcaimmobilien.com\\\/blog\\\/es\\\/#\\\/schema\\\/logo\\\/image\\\/\"},\"sameAs\":[\"https:\\\/\\\/www.facebook.com\\\/casanova.immobilien.mallorca\",\"https:\\\/\\\/x.com\\\/Immosantaponsa\",\"https:\\\/\\\/www.instagram.com\\\/casanovaproperties.mallorca\\\/\",\"http:\\\/\\\/www.pinterest.com\\\/cnpimmobilien\\\/\",\"https:\\\/\\\/www.youtube.com\\\/channel\\\/UC9PGIa8TcOBJrQEx3uGuLgw\"]}]}<\/script>\n<!-- \/ Yoast SEO plugin. -->","yoast_head_json":{"title":"Andratx - Immobilien Mallorca Blog","robots":{"index":"index","follow":"follow","max-snippet":"max-snippet:-1","max-image-preview":"max-image-preview:large","max-video-preview":"max-video-preview:-1"},"canonical":"https:\/\/www.mallorcaimmobilien.com\/blog\/es\/mallorca-informacion\/andratx\/","og_locale":"es_ES","og_type":"article","og_title":"Andratx - Immobilien Mallorca Blog","og_description":"Puerto Andratx Puerto Andratx esta situado en el suroeste de la isla y pertenece al municipio de Andratx, al lado de Calvia. Puerto Andratx con unos 3.200 habitantes es uno de los pocos puertos naturales y uno de los sitios mas exclusivos de la isla. El pueblo esta rodeado de monta\u00f1as en una bahia ancha [&hellip;]","og_url":"https:\/\/www.mallorcaimmobilien.com\/blog\/es\/mallorca-informacion\/andratx\/","og_site_name":"Immobilien Mallorca Blog","article_publisher":"https:\/\/www.facebook.com\/casanova.immobilien.mallorca","article_modified_time":"2020-05-18T13:18:11+00:00","og_image":[{"url":"https:\/\/www.mallorcaimmobilien.com\/blog\/es\/wp-content\/uploads\/2020\/05\/andrax.jpg","type":"","width":"","height":""}],"twitter_card":"summary_large_image","twitter_site":"@Immosantaponsa","twitter_misc":{"Tiempo de lectura":"1 minuto"},"schema":{"@context":"https:\/\/schema.org","@graph":[{"@type":"WebPage","@id":"https:\/\/www.mallorcaimmobilien.com\/blog\/es\/mallorca-informacion\/andratx\/","url":"https:\/\/www.mallorcaimmobilien.com\/blog\/es\/mallorca-informacion\/andratx\/","name":"Andratx - Immobilien Mallorca Blog","isPartOf":{"@id":"https:\/\/www.mallorcaimmobilien.com\/blog\/es\/#website"},"primaryImageOfPage":{"@id":"https:\/\/www.mallorcaimmobilien.com\/blog\/es\/mallorca-informacion\/andratx\/#primaryimage"},"image":{"@id":"https:\/\/www.mallorcaimmobilien.com\/blog\/es\/mallorca-informacion\/andratx\/#primaryimage"},"thumbnailUrl":"https:\/\/www.mallorcaimmobilien.com\/blog\/es\/wp-content\/uploads\/2020\/05\/andrax.jpg","datePublished":"2020-05-18T13:16:19+00:00","dateModified":"2020-05-18T13:18:11+00:00","breadcrumb":{"@id":"https:\/\/www.mallorcaimmobilien.com\/blog\/es\/mallorca-informacion\/andratx\/#breadcrumb"},"inLanguage":"es","potentialAction":[{"@type":"ReadAction","target":["https:\/\/www.mallorcaimmobilien.com\/blog\/es\/mallorca-informacion\/andratx\/"]}]},{"@type":"ImageObject","inLanguage":"es","@id":"https:\/\/www.mallorcaimmobilien.com\/blog\/es\/mallorca-informacion\/andratx\/#primaryimage","url":"https:\/\/www.mallorcaimmobilien.com\/blog\/es\/wp-content\/uploads\/2020\/05\/andrax.jpg","contentUrl":"https:\/\/www.mallorcaimmobilien.com\/blog\/es\/wp-content\/uploads\/2020\/05\/andrax.jpg","width":750,"height":197,"caption":"Gran lago\/puerto"},{"@type":"BreadcrumbList","@id":"https:\/\/www.mallorcaimmobilien.com\/blog\/es\/mallorca-informacion\/andratx\/#breadcrumb","itemListElement":[{"@type":"ListItem","position":1,"name":"Startseite","item":"https:\/\/www.mallorcaimmobilien.com\/blog\/es\/"},{"@type":"ListItem","position":2,"name":"Mallorca Informaci\u00f3n","item":"https:\/\/www.mallorcaimmobilien.com\/blog\/es\/mallorca-informacion\/"},{"@type":"ListItem","position":3,"name":"Andratx"}]},{"@type":"WebSite","@id":"https:\/\/www.mallorcaimmobilien.com\/blog\/es\/#website","url":"https:\/\/www.mallorcaimmobilien.com\/blog\/es\/","name":"Immobilien Mallorca Blog","description":"Casa Nova Properties","publisher":{"@id":"https:\/\/www.mallorcaimmobilien.com\/blog\/es\/#organization"},"potentialAction":[{"@type":"SearchAction","target":{"@type":"EntryPoint","urlTemplate":"https:\/\/www.mallorcaimmobilien.com\/blog\/es\/?s={search_term_string}"},"query-input":{"@type":"PropertyValueSpecification","valueRequired":true,"valueName":"search_term_string"}}],"inLanguage":"es"},{"@type":"Organization","@id":"https:\/\/www.mallorcaimmobilien.com\/blog\/es\/#organization","name":"Casa Nova Properties S. L.","url":"https:\/\/www.mallorcaimmobilien.com\/blog\/es\/","logo":{"@type":"ImageObject","inLanguage":"es","@id":"https:\/\/www.mallorcaimmobilien.com\/blog\/es\/#\/schema\/logo\/image\/","url":"","contentUrl":"","caption":"Casa Nova Properties S. L."},"image":{"@id":"https:\/\/www.mallorcaimmobilien.com\/blog\/es\/#\/schema\/logo\/image\/"},"sameAs":["https:\/\/www.facebook.com\/casanova.immobilien.mallorca","https:\/\/x.com\/Immosantaponsa","https:\/\/www.instagram.com\/casanovaproperties.mallorca\/","http:\/\/www.pinterest.com\/cnpimmobilien\/","https:\/\/www.youtube.com\/channel\/UC9PGIa8TcOBJrQEx3uGuLgw"]}]}},"_links":{"self":[{"href":"https:\/\/www.mallorcaimmobilien.com\/blog\/es\/wp-json\/wp\/v2\/pages\/7425","targetHints":{"allow":["GET"]}}],"collection":[{"href":"https:\/\/www.mallorcaimmobilien.com\/blog\/es\/wp-json\/wp\/v2\/pages"}],"about":[{"href":"https:\/\/www.mallorcaimmobilien.com\/blog\/es\/wp-json\/wp\/v2\/types\/page"}],"author":[{"embeddable":true,"href":"https:\/\/www.mallorcaimmobilien.com\/blog\/es\/wp-json\/wp\/v2\/users\/2"}],"replies":[{"embeddable":true,"href":"https:\/\/www.mallorcaimmobilien.com\/blog\/es\/wp-json\/wp\/v2\/comments?post=7425"}],"version-history":[{"count":1,"href":"https:\/\/www.mallorcaimmobilien.com\/blog\/es\/wp-json\/wp\/v2\/pages\/7425\/revisions"}],"predecessor-version":[{"id":7426,"href":"https:\/\/www.mallorcaimmobilien.com\/blog\/es\/wp-json\/wp\/v2\/pages\/7425\/revisions\/7426"}],"up":[{"embeddable":true,"href":"https:\/\/www.mallorcaimmobilien.com\/blog\/es\/wp-json\/wp\/v2\/pages\/7412"}],"wp:attachment":[{"href":"https:\/\/www.mallorcaimmobilien.com\/blog\/es\/wp-json\/wp\/v2\/media?parent=7425"}],"curies":[{"name":"wp","href":"https:\/\/api.w.org\/{rel}","templated":true}]}}