{"id":7432,"date":"2020-05-18T13:21:00","date_gmt":"2020-05-18T13:21:00","guid":{"rendered":"https:\/\/dev1.cnp-mallorca.info\/bloges\/?page_id=7432"},"modified":"2020-05-18T13:24:38","modified_gmt":"2020-05-18T13:24:38","slug":"paguera","status":"publish","type":"page","link":"https:\/\/www.mallorcaimmobilien.com\/blog\/es\/mallorca-informacion\/paguera\/","title":{"rendered":"Paguera"},"content":{"rendered":"<p><img loading=\"lazy\" decoding=\"async\" class=\"alignnone size-full wp-image-7421\" src=\"https:\/\/www.mallorcaimmobilien.com\/blog\/es\/wp-content\/uploads\/2020\/05\/paguera.jpg\" alt=\"\" width=\"750\" height=\"197\" srcset=\"https:\/\/www.mallorcaimmobilien.com\/blog\/es\/wp-content\/uploads\/2020\/05\/paguera.jpg 750w, https:\/\/www.mallorcaimmobilien.com\/blog\/es\/wp-content\/uploads\/2020\/05\/paguera-330x87.jpg 330w\" sizes=\"auto, (max-width: 750px) 100vw, 750px\" \/><\/p>\n<h1>Paguera<\/h1>\n<p>Pueblos vecinos occidentales de Santa Ponsa, son Costa de la Calma y Paguera.<\/p>\n<p>Costa de la Calma significa costa calma y est\u00e1 situado junsto a Santa Ponsa. Tranquilo viviendo a pocos minutos en coche o incluso andando a restaurantes y de la costa, as\u00ed como a Santa Ponsa con tiendas de necesidades cotidianas. Costa de la Calma es un lugar puro de residencia, aqu\u00ed son la mayor\u00eda de chalets, algunos con vistas al mar. El pueblo est\u00e1 situado en una colina y ofrece una magn\u00edfica panor\u00e1mica de la campi\u00f1a y el mar. Una id\u00edlica bah\u00eda con bar en la playa de las tumbonas \u00abChiringuito\u00bb.<\/p>\n<p>Paguera es un popular centro vacacional con 3 hermosas playas, Playa de Tora, Playa Palmira y Playa La Romana y es muy popular entre los alemanes. El acogedor paseo \u00abBulevar de Paguera\u00bb con boutiques y tiendas se encuentra sobre la playa. Las playas est\u00e1n unidas por un sendero. Un acogedor complejo con tiendas, restaurantes y Caf\u00e9s que invita a pasear.<\/p>\n<p>Se encuentra junto a la id\u00edlica Bah\u00eda de Cala Fornells Hoteles y complejos de apartamentos, algunos de ellos en el estilo mediterr\u00e1neo Pedro Otzoup. Con un paseo en coche se llega hasta el Golf de Andratx y la playa de arena que est\u00e1 situado en Camp de Mar.<\/p>\n<p>En solo 15 minutos en coche se llega hasta la capital de la isla de Palma de Mallorca. El aeropuerto est\u00e1 a 25 minutos. La regi\u00f3n del suroeste de Mallorca ofrece una de las mejores infraestructuras de la isla y est\u00e1 abierta todo el a\u00f1o. Varios campos de golf y puertos deportivos de lujo con acogedor paseo mar\u00edtimo y exclusiva vida nocturna se encuentran aqu\u00ed. Innumerables playas y calas id\u00edlicas, le invitan a relajarse. Clubes de playa y una amplia gama de instalaciones para deportes acu\u00e1ticos ofrecen programas de gran placer.<\/p>\n","protected":false},"excerpt":{"rendered":"<p>Paguera Pueblos vecinos occidentales de Santa Ponsa, son Costa de la Calma y Paguera. Costa de la Calma significa costa calma y est\u00e1 situado junsto a Santa Ponsa. Tranquilo viviendo a pocos minutos en coche o incluso andando a restaurantes y de la costa, as\u00ed como a Santa Ponsa con tiendas de necesidades cotidianas. Costa [&hellip;]<\/p>\n","protected":false},"author":2,"featured_media":0,"parent":7412,"menu_order":0,"comment_status":"closed","ping_status":"closed","template":"","meta":{"footnotes":""},"class_list":["post-7432","page","type-page","status-publish","hentry"],"yoast_head":"<!-- This site is optimized with the Yoast SEO plugin v27.5 - https:\/\/yoast.com\/product\/yoast-seo-wordpress\/ -->\n<title>Paguera - Immobilien Mallorca Blog<\/title>\n<meta name=\"robots\" content=\"index, follow, max-snippet:-1, max-image-preview:large, max-video-preview:-1\" \/>\n<link rel=\"canonical\" href=\"https:\/\/www.mallorcaimmobilien.com\/blog\/es\/mallorca-informacion\/paguera\/\" \/>\n<meta property=\"og:locale\" content=\"es_ES\" \/>\n<meta property=\"og:type\" content=\"article\" \/>\n<meta property=\"og:title\" content=\"Paguera - Immobilien Mallorca Blog\" \/>\n<meta property=\"og:description\" content=\"Paguera Pueblos vecinos occidentales de Santa Ponsa, son Costa de la Calma y Paguera. Costa de la Calma significa costa calma y est\u00e1 situado junsto a Santa Ponsa. Tranquilo viviendo a pocos minutos en coche o incluso andando a restaurantes y de la costa, as\u00ed como a Santa Ponsa con tiendas de necesidades cotidianas. Costa [&hellip;]\" \/>\n<meta property=\"og:url\" content=\"https:\/\/www.mallorcaimmobilien.com\/blog\/es\/mallorca-informacion\/paguera\/\" \/>\n<meta property=\"og:site_name\" content=\"Immobilien Mallorca Blog\" \/>\n<meta property=\"article:publisher\" content=\"https:\/\/www.facebook.com\/casanova.immobilien.mallorca\" \/>\n<meta property=\"article:modified_time\" content=\"2020-05-18T13:24:38+00:00\" \/>\n<meta property=\"og:image\" content=\"https:\/\/www.mallorcaimmobilien.com\/blog\/es\/wp-content\/uploads\/2020\/05\/paguera.jpg\" \/>\n<meta name=\"twitter:card\" content=\"summary_large_image\" \/>\n<meta name=\"twitter:site\" content=\"@Immosantaponsa\" \/>\n<meta name=\"twitter:label1\" content=\"Tiempo de lectura\" \/>\n\t<meta name=\"twitter:data1\" content=\"2 minutos\" \/>\n<script type=\"application\/ld+json\" class=\"yoast-schema-graph\">{\"@context\":\"https:\\\/\\\/schema.org\",\"@graph\":[{\"@type\":\"WebPage\",\"@id\":\"https:\\\/\\\/www.mallorcaimmobilien.com\\\/blog\\\/es\\\/mallorca-informacion\\\/paguera\\\/\",\"url\":\"https:\\\/\\\/www.mallorcaimmobilien.com\\\/blog\\\/es\\\/mallorca-informacion\\\/paguera\\\/\",\"name\":\"Paguera - Immobilien Mallorca Blog\",\"isPartOf\":{\"@id\":\"https:\\\/\\\/www.mallorcaimmobilien.com\\\/blog\\\/es\\\/#website\"},\"primaryImageOfPage\":{\"@id\":\"https:\\\/\\\/www.mallorcaimmobilien.com\\\/blog\\\/es\\\/mallorca-informacion\\\/paguera\\\/#primaryimage\"},\"image\":{\"@id\":\"https:\\\/\\\/www.mallorcaimmobilien.com\\\/blog\\\/es\\\/mallorca-informacion\\\/paguera\\\/#primaryimage\"},\"thumbnailUrl\":\"https:\\\/\\\/www.mallorcaimmobilien.com\\\/blog\\\/es\\\/wp-content\\\/uploads\\\/2020\\\/05\\\/paguera.jpg\",\"datePublished\":\"2020-05-18T13:21:00+00:00\",\"dateModified\":\"2020-05-18T13:24:38+00:00\",\"breadcrumb\":{\"@id\":\"https:\\\/\\\/www.mallorcaimmobilien.com\\\/blog\\\/es\\\/mallorca-informacion\\\/paguera\\\/#breadcrumb\"},\"inLanguage\":\"es\",\"potentialAction\":[{\"@type\":\"ReadAction\",\"target\":[\"https:\\\/\\\/www.mallorcaimmobilien.com\\\/blog\\\/es\\\/mallorca-informacion\\\/paguera\\\/\"]}]},{\"@type\":\"ImageObject\",\"inLanguage\":\"es\",\"@id\":\"https:\\\/\\\/www.mallorcaimmobilien.com\\\/blog\\\/es\\\/mallorca-informacion\\\/paguera\\\/#primaryimage\",\"url\":\"https:\\\/\\\/www.mallorcaimmobilien.com\\\/blog\\\/es\\\/wp-content\\\/uploads\\\/2020\\\/05\\\/paguera.jpg\",\"contentUrl\":\"https:\\\/\\\/www.mallorcaimmobilien.com\\\/blog\\\/es\\\/wp-content\\\/uploads\\\/2020\\\/05\\\/paguera.jpg\",\"width\":750,\"height\":197,\"caption\":\"Propiedad de lujo\"},{\"@type\":\"BreadcrumbList\",\"@id\":\"https:\\\/\\\/www.mallorcaimmobilien.com\\\/blog\\\/es\\\/mallorca-informacion\\\/paguera\\\/#breadcrumb\",\"itemListElement\":[{\"@type\":\"ListItem\",\"position\":1,\"name\":\"Startseite\",\"item\":\"https:\\\/\\\/www.mallorcaimmobilien.com\\\/blog\\\/es\\\/\"},{\"@type\":\"ListItem\",\"position\":2,\"name\":\"Mallorca Informaci\u00f3n\",\"item\":\"https:\\\/\\\/www.mallorcaimmobilien.com\\\/blog\\\/es\\\/mallorca-informacion\\\/\"},{\"@type\":\"ListItem\",\"position\":3,\"name\":\"Paguera\"}]},{\"@type\":\"WebSite\",\"@id\":\"https:\\\/\\\/www.mallorcaimmobilien.com\\\/blog\\\/es\\\/#website\",\"url\":\"https:\\\/\\\/www.mallorcaimmobilien.com\\\/blog\\\/es\\\/\",\"name\":\"Immobilien Mallorca Blog\",\"description\":\"Casa Nova Properties\",\"publisher\":{\"@id\":\"https:\\\/\\\/www.mallorcaimmobilien.com\\\/blog\\\/es\\\/#organization\"},\"potentialAction\":[{\"@type\":\"SearchAction\",\"target\":{\"@type\":\"EntryPoint\",\"urlTemplate\":\"https:\\\/\\\/www.mallorcaimmobilien.com\\\/blog\\\/es\\\/?s={search_term_string}\"},\"query-input\":{\"@type\":\"PropertyValueSpecification\",\"valueRequired\":true,\"valueName\":\"search_term_string\"}}],\"inLanguage\":\"es\"},{\"@type\":\"Organization\",\"@id\":\"https:\\\/\\\/www.mallorcaimmobilien.com\\\/blog\\\/es\\\/#organization\",\"name\":\"Casa Nova Properties S. L.\",\"url\":\"https:\\\/\\\/www.mallorcaimmobilien.com\\\/blog\\\/es\\\/\",\"logo\":{\"@type\":\"ImageObject\",\"inLanguage\":\"es\",\"@id\":\"https:\\\/\\\/www.mallorcaimmobilien.com\\\/blog\\\/es\\\/#\\\/schema\\\/logo\\\/image\\\/\",\"url\":\"\",\"contentUrl\":\"\",\"caption\":\"Casa Nova Properties S. L.\"},\"image\":{\"@id\":\"https:\\\/\\\/www.mallorcaimmobilien.com\\\/blog\\\/es\\\/#\\\/schema\\\/logo\\\/image\\\/\"},\"sameAs\":[\"https:\\\/\\\/www.facebook.com\\\/casanova.immobilien.mallorca\",\"https:\\\/\\\/x.com\\\/Immosantaponsa\",\"https:\\\/\\\/www.instagram.com\\\/casanovaproperties.mallorca\\\/\",\"http:\\\/\\\/www.pinterest.com\\\/cnpimmobilien\\\/\",\"https:\\\/\\\/www.youtube.com\\\/channel\\\/UC9PGIa8TcOBJrQEx3uGuLgw\"]}]}<\/script>\n<!-- \/ Yoast SEO plugin. -->","yoast_head_json":{"title":"Paguera - Immobilien Mallorca Blog","robots":{"index":"index","follow":"follow","max-snippet":"max-snippet:-1","max-image-preview":"max-image-preview:large","max-video-preview":"max-video-preview:-1"},"canonical":"https:\/\/www.mallorcaimmobilien.com\/blog\/es\/mallorca-informacion\/paguera\/","og_locale":"es_ES","og_type":"article","og_title":"Paguera - Immobilien Mallorca Blog","og_description":"Paguera Pueblos vecinos occidentales de Santa Ponsa, son Costa de la Calma y Paguera. Costa de la Calma significa costa calma y est\u00e1 situado junsto a Santa Ponsa. Tranquilo viviendo a pocos minutos en coche o incluso andando a restaurantes y de la costa, as\u00ed como a Santa Ponsa con tiendas de necesidades cotidianas. Costa [&hellip;]","og_url":"https:\/\/www.mallorcaimmobilien.com\/blog\/es\/mallorca-informacion\/paguera\/","og_site_name":"Immobilien Mallorca Blog","article_publisher":"https:\/\/www.facebook.com\/casanova.immobilien.mallorca","article_modified_time":"2020-05-18T13:24:38+00:00","og_image":[{"url":"https:\/\/www.mallorcaimmobilien.com\/blog\/es\/wp-content\/uploads\/2020\/05\/paguera.jpg","type":"","width":"","height":""}],"twitter_card":"summary_large_image","twitter_site":"@Immosantaponsa","twitter_misc":{"Tiempo de lectura":"2 minutos"},"schema":{"@context":"https:\/\/schema.org","@graph":[{"@type":"WebPage","@id":"https:\/\/www.mallorcaimmobilien.com\/blog\/es\/mallorca-informacion\/paguera\/","url":"https:\/\/www.mallorcaimmobilien.com\/blog\/es\/mallorca-informacion\/paguera\/","name":"Paguera - Immobilien Mallorca Blog","isPartOf":{"@id":"https:\/\/www.mallorcaimmobilien.com\/blog\/es\/#website"},"primaryImageOfPage":{"@id":"https:\/\/www.mallorcaimmobilien.com\/blog\/es\/mallorca-informacion\/paguera\/#primaryimage"},"image":{"@id":"https:\/\/www.mallorcaimmobilien.com\/blog\/es\/mallorca-informacion\/paguera\/#primaryimage"},"thumbnailUrl":"https:\/\/www.mallorcaimmobilien.com\/blog\/es\/wp-content\/uploads\/2020\/05\/paguera.jpg","datePublished":"2020-05-18T13:21:00+00:00","dateModified":"2020-05-18T13:24:38+00:00","breadcrumb":{"@id":"https:\/\/www.mallorcaimmobilien.com\/blog\/es\/mallorca-informacion\/paguera\/#breadcrumb"},"inLanguage":"es","potentialAction":[{"@type":"ReadAction","target":["https:\/\/www.mallorcaimmobilien.com\/blog\/es\/mallorca-informacion\/paguera\/"]}]},{"@type":"ImageObject","inLanguage":"es","@id":"https:\/\/www.mallorcaimmobilien.com\/blog\/es\/mallorca-informacion\/paguera\/#primaryimage","url":"https:\/\/www.mallorcaimmobilien.com\/blog\/es\/wp-content\/uploads\/2020\/05\/paguera.jpg","contentUrl":"https:\/\/www.mallorcaimmobilien.com\/blog\/es\/wp-content\/uploads\/2020\/05\/paguera.jpg","width":750,"height":197,"caption":"Propiedad de lujo"},{"@type":"BreadcrumbList","@id":"https:\/\/www.mallorcaimmobilien.com\/blog\/es\/mallorca-informacion\/paguera\/#breadcrumb","itemListElement":[{"@type":"ListItem","position":1,"name":"Startseite","item":"https:\/\/www.mallorcaimmobilien.com\/blog\/es\/"},{"@type":"ListItem","position":2,"name":"Mallorca Informaci\u00f3n","item":"https:\/\/www.mallorcaimmobilien.com\/blog\/es\/mallorca-informacion\/"},{"@type":"ListItem","position":3,"name":"Paguera"}]},{"@type":"WebSite","@id":"https:\/\/www.mallorcaimmobilien.com\/blog\/es\/#website","url":"https:\/\/www.mallorcaimmobilien.com\/blog\/es\/","name":"Immobilien Mallorca Blog","description":"Casa Nova Properties","publisher":{"@id":"https:\/\/www.mallorcaimmobilien.com\/blog\/es\/#organization"},"potentialAction":[{"@type":"SearchAction","target":{"@type":"EntryPoint","urlTemplate":"https:\/\/www.mallorcaimmobilien.com\/blog\/es\/?s={search_term_string}"},"query-input":{"@type":"PropertyValueSpecification","valueRequired":true,"valueName":"search_term_string"}}],"inLanguage":"es"},{"@type":"Organization","@id":"https:\/\/www.mallorcaimmobilien.com\/blog\/es\/#organization","name":"Casa Nova Properties S. L.","url":"https:\/\/www.mallorcaimmobilien.com\/blog\/es\/","logo":{"@type":"ImageObject","inLanguage":"es","@id":"https:\/\/www.mallorcaimmobilien.com\/blog\/es\/#\/schema\/logo\/image\/","url":"","contentUrl":"","caption":"Casa Nova Properties S. L."},"image":{"@id":"https:\/\/www.mallorcaimmobilien.com\/blog\/es\/#\/schema\/logo\/image\/"},"sameAs":["https:\/\/www.facebook.com\/casanova.immobilien.mallorca","https:\/\/x.com\/Immosantaponsa","https:\/\/www.instagram.com\/casanovaproperties.mallorca\/","http:\/\/www.pinterest.com\/cnpimmobilien\/","https:\/\/www.youtube.com\/channel\/UC9PGIa8TcOBJrQEx3uGuLgw"]}]}},"_links":{"self":[{"href":"https:\/\/www.mallorcaimmobilien.com\/blog\/es\/wp-json\/wp\/v2\/pages\/7432","targetHints":{"allow":["GET"]}}],"collection":[{"href":"https:\/\/www.mallorcaimmobilien.com\/blog\/es\/wp-json\/wp\/v2\/pages"}],"about":[{"href":"https:\/\/www.mallorcaimmobilien.com\/blog\/es\/wp-json\/wp\/v2\/types\/page"}],"author":[{"embeddable":true,"href":"https:\/\/www.mallorcaimmobilien.com\/blog\/es\/wp-json\/wp\/v2\/users\/2"}],"replies":[{"embeddable":true,"href":"https:\/\/www.mallorcaimmobilien.com\/blog\/es\/wp-json\/wp\/v2\/comments?post=7432"}],"version-history":[{"count":1,"href":"https:\/\/www.mallorcaimmobilien.com\/blog\/es\/wp-json\/wp\/v2\/pages\/7432\/revisions"}],"predecessor-version":[{"id":7433,"href":"https:\/\/www.mallorcaimmobilien.com\/blog\/es\/wp-json\/wp\/v2\/pages\/7432\/revisions\/7433"}],"up":[{"embeddable":true,"href":"https:\/\/www.mallorcaimmobilien.com\/blog\/es\/wp-json\/wp\/v2\/pages\/7412"}],"wp:attachment":[{"href":"https:\/\/www.mallorcaimmobilien.com\/blog\/es\/wp-json\/wp\/v2\/media?parent=7432"}],"curies":[{"name":"wp","href":"https:\/\/api.w.org\/{rel}","templated":true}]}}