{"id":7434,"date":"2020-05-18T13:23:13","date_gmt":"2020-05-18T13:23:13","guid":{"rendered":"https:\/\/dev1.cnp-mallorca.info\/bloges\/?page_id=7434"},"modified":"2020-05-18T13:24:01","modified_gmt":"2020-05-18T13:24:01","slug":"santa-ponsa","status":"publish","type":"page","link":"https:\/\/www.mallorcaimmobilien.com\/blog\/es\/mallorca-informacion\/santa-ponsa\/","title":{"rendered":"Santa Ponsa"},"content":{"rendered":"<p><img loading=\"lazy\" decoding=\"async\" class=\"alignnone size-full wp-image-7422\" src=\"https:\/\/www.mallorcaimmobilien.com\/blog\/es\/wp-content\/uploads\/2020\/05\/santaponsa.jpg\" alt=\"\" width=\"750\" height=\"197\" srcset=\"https:\/\/www.mallorcaimmobilien.com\/blog\/es\/wp-content\/uploads\/2020\/05\/santaponsa.jpg 750w, https:\/\/www.mallorcaimmobilien.com\/blog\/es\/wp-content\/uploads\/2020\/05\/santaponsa-330x87.jpg 330w\" sizes=\"auto, (max-width: 750px) 100vw, 750px\" \/><\/p>\n<h1>Santa Ponsa<\/h1>\n<p>Un lugar en el suroeste de Mallorca que pertenece al municipio de Calvi\u00e1, una de las comunidades m\u00e1s ricas de Espa\u00f1a. Santa Ponsa la ciudad m\u00e1s poblada de Calvi\u00e0 tiene m\u00e1s de 11.000 habitantes. Influenciado fuertemente por el turismo europeo especialmente en el verano.<\/p>\n<p>La distancia a la capital de la isla Palma de Mallorca est\u00e1 a solo 20 km y con f\u00e1cil acceso al aeropuerto por la autopista (v\u00eda de Cintura). Desde el puerto de Palma, hay servicios diarios de ferry a la peninsula y tambi\u00e9n a las islas de Ibiza y Menorca. El aeropuerto ofrece vuelos a toda Europa.<\/p>\n<p>Santa Ponsa se agrupa alrededor de una bah\u00eda alargada, protegida por los acantilados. La amplia playa de arena se encuentra en la parte frontal de la bah\u00eda. Hoteles, restaurantes, bares, caf\u00e9s, tiendas de souvenir est\u00e1n en ambos lados de la bah\u00eda. El Club \u00abNautico Santa Ponsa\u00bb ofrece una gran variedad de deportes acu\u00e1ticos. El portal de viajes \u00abTripadvisor\u00bb eligi\u00f3 a Calvia como uno de los top 10 destinos de Espa\u00f1a, actualmente en 2014.<\/p>\n<p>Santa Ponsa ofrece tiendas de necesidades diarias y tambi\u00e9n tiene una \u00e1rea industrial el poligono Son Bugadelles con tiendas de construcci\u00f3n, reconstrucci\u00f3n y renovaci\u00f3n. Un mercado semanal hay los sabados en Santa Ponsa.<\/p>\n<p>Los restaurantes internacionales ofrecen cocina espa\u00f1ola y mediterr\u00e1nea especialidades sobre todo italianas, como el restaurante \u00abIl Carpaccio\u00bb.<\/p>\n<p>La infraestructura buena de Santa Ponsa se expande por el alto n\u00famero de residentes . Por lo tanto, se cumplen las condiciones para una residencia permanente tambi\u00e9n para los extranjeros. La proximidad a colegios internacionales, centros medicos en el municipio de Calvi\u00e0 y buenas conexiones de autob\u00fas a los lugares vecinos como Paguera o tambi\u00e9n a la capital son otras ventajas de Santa Ponsa.<\/p>\n<p>Varios campos de golf con diferentes niveles de dificultad son convenientes para el principiante como el \u00abprofesional\u00bb, el famoso \u00abSanta Ponsa Country Club\u00bb, que ofrece tambi\u00e9n una gran variedad de deportes, und Kids club , Spa, restaurante, est\u00e1 conectado con el Golf I.<\/p>\n","protected":false},"excerpt":{"rendered":"<p>Santa Ponsa Un lugar en el suroeste de Mallorca que pertenece al municipio de Calvi\u00e1, una de las comunidades m\u00e1s ricas de Espa\u00f1a. Santa Ponsa la ciudad m\u00e1s poblada de Calvi\u00e0 tiene m\u00e1s de 11.000 habitantes. Influenciado fuertemente por el turismo europeo especialmente en el verano. La distancia a la capital de la isla Palma [&hellip;]<\/p>\n","protected":false},"author":2,"featured_media":0,"parent":7412,"menu_order":0,"comment_status":"closed","ping_status":"closed","template":"","meta":{"footnotes":""},"class_list":["post-7434","page","type-page","status-publish","hentry"],"yoast_head":"<!-- This site is optimized with the Yoast SEO plugin v27.3 - https:\/\/yoast.com\/product\/yoast-seo-wordpress\/ -->\n<title>Santa Ponsa - Immobilien Mallorca Blog<\/title>\n<meta name=\"robots\" content=\"index, follow, max-snippet:-1, max-image-preview:large, max-video-preview:-1\" \/>\n<link rel=\"canonical\" href=\"https:\/\/www.mallorcaimmobilien.com\/blog\/es\/mallorca-informacion\/santa-ponsa\/\" \/>\n<meta property=\"og:locale\" content=\"es_ES\" \/>\n<meta property=\"og:type\" content=\"article\" \/>\n<meta property=\"og:title\" content=\"Santa Ponsa - Immobilien Mallorca Blog\" \/>\n<meta property=\"og:description\" content=\"Santa Ponsa Un lugar en el suroeste de Mallorca que pertenece al municipio de Calvi\u00e1, una de las comunidades m\u00e1s ricas de Espa\u00f1a. Santa Ponsa la ciudad m\u00e1s poblada de Calvi\u00e0 tiene m\u00e1s de 11.000 habitantes. Influenciado fuertemente por el turismo europeo especialmente en el verano. La distancia a la capital de la isla Palma [&hellip;]\" \/>\n<meta property=\"og:url\" content=\"https:\/\/www.mallorcaimmobilien.com\/blog\/es\/mallorca-informacion\/santa-ponsa\/\" \/>\n<meta property=\"og:site_name\" content=\"Immobilien Mallorca Blog\" \/>\n<meta property=\"article:publisher\" content=\"https:\/\/www.facebook.com\/casanova.immobilien.mallorca\" \/>\n<meta property=\"article:modified_time\" content=\"2020-05-18T13:24:01+00:00\" \/>\n<meta property=\"og:image\" content=\"https:\/\/www.mallorcaimmobilien.com\/blog\/es\/wp-content\/uploads\/2020\/05\/santaponsa.jpg\" \/>\n<meta name=\"twitter:card\" content=\"summary_large_image\" \/>\n<meta name=\"twitter:site\" content=\"@Immosantaponsa\" \/>\n<meta name=\"twitter:label1\" content=\"Tiempo de lectura\" \/>\n\t<meta name=\"twitter:data1\" content=\"2 minutos\" \/>\n<script type=\"application\/ld+json\" class=\"yoast-schema-graph\">{\"@context\":\"https:\\\/\\\/schema.org\",\"@graph\":[{\"@type\":\"WebPage\",\"@id\":\"https:\\\/\\\/www.mallorcaimmobilien.com\\\/blog\\\/es\\\/mallorca-informacion\\\/santa-ponsa\\\/\",\"url\":\"https:\\\/\\\/www.mallorcaimmobilien.com\\\/blog\\\/es\\\/mallorca-informacion\\\/santa-ponsa\\\/\",\"name\":\"Santa Ponsa - Immobilien Mallorca Blog\",\"isPartOf\":{\"@id\":\"https:\\\/\\\/www.mallorcaimmobilien.com\\\/blog\\\/es\\\/#website\"},\"primaryImageOfPage\":{\"@id\":\"https:\\\/\\\/www.mallorcaimmobilien.com\\\/blog\\\/es\\\/mallorca-informacion\\\/santa-ponsa\\\/#primaryimage\"},\"image\":{\"@id\":\"https:\\\/\\\/www.mallorcaimmobilien.com\\\/blog\\\/es\\\/mallorca-informacion\\\/santa-ponsa\\\/#primaryimage\"},\"thumbnailUrl\":\"https:\\\/\\\/www.mallorcaimmobilien.com\\\/blog\\\/es\\\/wp-content\\\/uploads\\\/2020\\\/05\\\/santaponsa.jpg\",\"datePublished\":\"2020-05-18T13:23:13+00:00\",\"dateModified\":\"2020-05-18T13:24:01+00:00\",\"breadcrumb\":{\"@id\":\"https:\\\/\\\/www.mallorcaimmobilien.com\\\/blog\\\/es\\\/mallorca-informacion\\\/santa-ponsa\\\/#breadcrumb\"},\"inLanguage\":\"es\",\"potentialAction\":[{\"@type\":\"ReadAction\",\"target\":[\"https:\\\/\\\/www.mallorcaimmobilien.com\\\/blog\\\/es\\\/mallorca-informacion\\\/santa-ponsa\\\/\"]}]},{\"@type\":\"ImageObject\",\"inLanguage\":\"es\",\"@id\":\"https:\\\/\\\/www.mallorcaimmobilien.com\\\/blog\\\/es\\\/mallorca-informacion\\\/santa-ponsa\\\/#primaryimage\",\"url\":\"https:\\\/\\\/www.mallorcaimmobilien.com\\\/blog\\\/es\\\/wp-content\\\/uploads\\\/2020\\\/05\\\/santaponsa.jpg\",\"contentUrl\":\"https:\\\/\\\/www.mallorcaimmobilien.com\\\/blog\\\/es\\\/wp-content\\\/uploads\\\/2020\\\/05\\\/santaponsa.jpg\",\"width\":750,\"height\":197,\"caption\":\"Ambiente playero\"},{\"@type\":\"BreadcrumbList\",\"@id\":\"https:\\\/\\\/www.mallorcaimmobilien.com\\\/blog\\\/es\\\/mallorca-informacion\\\/santa-ponsa\\\/#breadcrumb\",\"itemListElement\":[{\"@type\":\"ListItem\",\"position\":1,\"name\":\"Startseite\",\"item\":\"https:\\\/\\\/www.mallorcaimmobilien.com\\\/blog\\\/es\\\/\"},{\"@type\":\"ListItem\",\"position\":2,\"name\":\"Mallorca Informaci\u00f3n\",\"item\":\"https:\\\/\\\/www.mallorcaimmobilien.com\\\/blog\\\/es\\\/mallorca-informacion\\\/\"},{\"@type\":\"ListItem\",\"position\":3,\"name\":\"Santa Ponsa\"}]},{\"@type\":\"WebSite\",\"@id\":\"https:\\\/\\\/www.mallorcaimmobilien.com\\\/blog\\\/es\\\/#website\",\"url\":\"https:\\\/\\\/www.mallorcaimmobilien.com\\\/blog\\\/es\\\/\",\"name\":\"Immobilien Mallorca Blog\",\"description\":\"Casa Nova Properties\",\"publisher\":{\"@id\":\"https:\\\/\\\/www.mallorcaimmobilien.com\\\/blog\\\/es\\\/#organization\"},\"potentialAction\":[{\"@type\":\"SearchAction\",\"target\":{\"@type\":\"EntryPoint\",\"urlTemplate\":\"https:\\\/\\\/www.mallorcaimmobilien.com\\\/blog\\\/es\\\/?s={search_term_string}\"},\"query-input\":{\"@type\":\"PropertyValueSpecification\",\"valueRequired\":true,\"valueName\":\"search_term_string\"}}],\"inLanguage\":\"es\"},{\"@type\":\"Organization\",\"@id\":\"https:\\\/\\\/www.mallorcaimmobilien.com\\\/blog\\\/es\\\/#organization\",\"name\":\"Casa Nova Properties S. L.\",\"url\":\"https:\\\/\\\/www.mallorcaimmobilien.com\\\/blog\\\/es\\\/\",\"logo\":{\"@type\":\"ImageObject\",\"inLanguage\":\"es\",\"@id\":\"https:\\\/\\\/www.mallorcaimmobilien.com\\\/blog\\\/es\\\/#\\\/schema\\\/logo\\\/image\\\/\",\"url\":\"\",\"contentUrl\":\"\",\"caption\":\"Casa Nova Properties S. L.\"},\"image\":{\"@id\":\"https:\\\/\\\/www.mallorcaimmobilien.com\\\/blog\\\/es\\\/#\\\/schema\\\/logo\\\/image\\\/\"},\"sameAs\":[\"https:\\\/\\\/www.facebook.com\\\/casanova.immobilien.mallorca\",\"https:\\\/\\\/x.com\\\/Immosantaponsa\",\"https:\\\/\\\/www.instagram.com\\\/casanovaproperties.mallorca\\\/\",\"http:\\\/\\\/www.pinterest.com\\\/cnpimmobilien\\\/\",\"https:\\\/\\\/www.youtube.com\\\/channel\\\/UC9PGIa8TcOBJrQEx3uGuLgw\"]}]}<\/script>\n<!-- \/ Yoast SEO plugin. -->","yoast_head_json":{"title":"Santa Ponsa - Immobilien Mallorca Blog","robots":{"index":"index","follow":"follow","max-snippet":"max-snippet:-1","max-image-preview":"max-image-preview:large","max-video-preview":"max-video-preview:-1"},"canonical":"https:\/\/www.mallorcaimmobilien.com\/blog\/es\/mallorca-informacion\/santa-ponsa\/","og_locale":"es_ES","og_type":"article","og_title":"Santa Ponsa - Immobilien Mallorca Blog","og_description":"Santa Ponsa Un lugar en el suroeste de Mallorca que pertenece al municipio de Calvi\u00e1, una de las comunidades m\u00e1s ricas de Espa\u00f1a. Santa Ponsa la ciudad m\u00e1s poblada de Calvi\u00e0 tiene m\u00e1s de 11.000 habitantes. Influenciado fuertemente por el turismo europeo especialmente en el verano. La distancia a la capital de la isla Palma [&hellip;]","og_url":"https:\/\/www.mallorcaimmobilien.com\/blog\/es\/mallorca-informacion\/santa-ponsa\/","og_site_name":"Immobilien Mallorca Blog","article_publisher":"https:\/\/www.facebook.com\/casanova.immobilien.mallorca","article_modified_time":"2020-05-18T13:24:01+00:00","og_image":[{"url":"https:\/\/www.mallorcaimmobilien.com\/blog\/es\/wp-content\/uploads\/2020\/05\/santaponsa.jpg","type":"","width":"","height":""}],"twitter_card":"summary_large_image","twitter_site":"@Immosantaponsa","twitter_misc":{"Tiempo de lectura":"2 minutos"},"schema":{"@context":"https:\/\/schema.org","@graph":[{"@type":"WebPage","@id":"https:\/\/www.mallorcaimmobilien.com\/blog\/es\/mallorca-informacion\/santa-ponsa\/","url":"https:\/\/www.mallorcaimmobilien.com\/blog\/es\/mallorca-informacion\/santa-ponsa\/","name":"Santa Ponsa - Immobilien Mallorca Blog","isPartOf":{"@id":"https:\/\/www.mallorcaimmobilien.com\/blog\/es\/#website"},"primaryImageOfPage":{"@id":"https:\/\/www.mallorcaimmobilien.com\/blog\/es\/mallorca-informacion\/santa-ponsa\/#primaryimage"},"image":{"@id":"https:\/\/www.mallorcaimmobilien.com\/blog\/es\/mallorca-informacion\/santa-ponsa\/#primaryimage"},"thumbnailUrl":"https:\/\/www.mallorcaimmobilien.com\/blog\/es\/wp-content\/uploads\/2020\/05\/santaponsa.jpg","datePublished":"2020-05-18T13:23:13+00:00","dateModified":"2020-05-18T13:24:01+00:00","breadcrumb":{"@id":"https:\/\/www.mallorcaimmobilien.com\/blog\/es\/mallorca-informacion\/santa-ponsa\/#breadcrumb"},"inLanguage":"es","potentialAction":[{"@type":"ReadAction","target":["https:\/\/www.mallorcaimmobilien.com\/blog\/es\/mallorca-informacion\/santa-ponsa\/"]}]},{"@type":"ImageObject","inLanguage":"es","@id":"https:\/\/www.mallorcaimmobilien.com\/blog\/es\/mallorca-informacion\/santa-ponsa\/#primaryimage","url":"https:\/\/www.mallorcaimmobilien.com\/blog\/es\/wp-content\/uploads\/2020\/05\/santaponsa.jpg","contentUrl":"https:\/\/www.mallorcaimmobilien.com\/blog\/es\/wp-content\/uploads\/2020\/05\/santaponsa.jpg","width":750,"height":197,"caption":"Ambiente playero"},{"@type":"BreadcrumbList","@id":"https:\/\/www.mallorcaimmobilien.com\/blog\/es\/mallorca-informacion\/santa-ponsa\/#breadcrumb","itemListElement":[{"@type":"ListItem","position":1,"name":"Startseite","item":"https:\/\/www.mallorcaimmobilien.com\/blog\/es\/"},{"@type":"ListItem","position":2,"name":"Mallorca Informaci\u00f3n","item":"https:\/\/www.mallorcaimmobilien.com\/blog\/es\/mallorca-informacion\/"},{"@type":"ListItem","position":3,"name":"Santa Ponsa"}]},{"@type":"WebSite","@id":"https:\/\/www.mallorcaimmobilien.com\/blog\/es\/#website","url":"https:\/\/www.mallorcaimmobilien.com\/blog\/es\/","name":"Immobilien Mallorca Blog","description":"Casa Nova Properties","publisher":{"@id":"https:\/\/www.mallorcaimmobilien.com\/blog\/es\/#organization"},"potentialAction":[{"@type":"SearchAction","target":{"@type":"EntryPoint","urlTemplate":"https:\/\/www.mallorcaimmobilien.com\/blog\/es\/?s={search_term_string}"},"query-input":{"@type":"PropertyValueSpecification","valueRequired":true,"valueName":"search_term_string"}}],"inLanguage":"es"},{"@type":"Organization","@id":"https:\/\/www.mallorcaimmobilien.com\/blog\/es\/#organization","name":"Casa Nova Properties S. L.","url":"https:\/\/www.mallorcaimmobilien.com\/blog\/es\/","logo":{"@type":"ImageObject","inLanguage":"es","@id":"https:\/\/www.mallorcaimmobilien.com\/blog\/es\/#\/schema\/logo\/image\/","url":"","contentUrl":"","caption":"Casa Nova Properties S. L."},"image":{"@id":"https:\/\/www.mallorcaimmobilien.com\/blog\/es\/#\/schema\/logo\/image\/"},"sameAs":["https:\/\/www.facebook.com\/casanova.immobilien.mallorca","https:\/\/x.com\/Immosantaponsa","https:\/\/www.instagram.com\/casanovaproperties.mallorca\/","http:\/\/www.pinterest.com\/cnpimmobilien\/","https:\/\/www.youtube.com\/channel\/UC9PGIa8TcOBJrQEx3uGuLgw"]}]}},"_links":{"self":[{"href":"https:\/\/www.mallorcaimmobilien.com\/blog\/es\/wp-json\/wp\/v2\/pages\/7434","targetHints":{"allow":["GET"]}}],"collection":[{"href":"https:\/\/www.mallorcaimmobilien.com\/blog\/es\/wp-json\/wp\/v2\/pages"}],"about":[{"href":"https:\/\/www.mallorcaimmobilien.com\/blog\/es\/wp-json\/wp\/v2\/types\/page"}],"author":[{"embeddable":true,"href":"https:\/\/www.mallorcaimmobilien.com\/blog\/es\/wp-json\/wp\/v2\/users\/2"}],"replies":[{"embeddable":true,"href":"https:\/\/www.mallorcaimmobilien.com\/blog\/es\/wp-json\/wp\/v2\/comments?post=7434"}],"version-history":[{"count":2,"href":"https:\/\/www.mallorcaimmobilien.com\/blog\/es\/wp-json\/wp\/v2\/pages\/7434\/revisions"}],"predecessor-version":[{"id":7436,"href":"https:\/\/www.mallorcaimmobilien.com\/blog\/es\/wp-json\/wp\/v2\/pages\/7434\/revisions\/7436"}],"up":[{"embeddable":true,"href":"https:\/\/www.mallorcaimmobilien.com\/blog\/es\/wp-json\/wp\/v2\/pages\/7412"}],"wp:attachment":[{"href":"https:\/\/www.mallorcaimmobilien.com\/blog\/es\/wp-json\/wp\/v2\/media?parent=7434"}],"curies":[{"name":"wp","href":"https:\/\/api.w.org\/{rel}","templated":true}]}}