{"id":7441,"date":"2020-05-18T13:28:59","date_gmt":"2020-05-18T13:28:59","guid":{"rendered":"https:\/\/dev1.cnp-mallorca.info\/bloges\/?page_id=7441"},"modified":"2020-05-18T13:28:59","modified_gmt":"2020-05-18T13:28:59","slug":"golf-en-mallorca","status":"publish","type":"page","link":"https:\/\/www.mallorcaimmobilien.com\/blog\/es\/golf-en-mallorca\/","title":{"rendered":"Golf en Mallorca"},"content":{"rendered":"<p><img loading=\"lazy\" decoding=\"async\" class=\"alignnone size-full wp-image-7418\" src=\"https:\/\/www.mallorcaimmobilien.com\/blog\/es\/wp-content\/uploads\/2020\/05\/golf_720.jpg\" alt=\"\" width=\"720\" height=\"477\" srcset=\"https:\/\/www.mallorcaimmobilien.com\/blog\/es\/wp-content\/uploads\/2020\/05\/golf_720.jpg 720w, https:\/\/www.mallorcaimmobilien.com\/blog\/es\/wp-content\/uploads\/2020\/05\/golf_720-330x220.jpg 330w, https:\/\/www.mallorcaimmobilien.com\/blog\/es\/wp-content\/uploads\/2020\/05\/golf_720-628x416.jpg 628w\" sizes=\"auto, (max-width: 720px) 100vw, 720px\" \/><\/p>\n<h1>Golf en Mallorca<\/h1>\n<p>La gente que llegan por primera vez a Mallorca, admiten que la isla atrae a todo el mundo. Todos quieren volver pronto para disfrutar de ocio, cultura, paisaje y de Mallorca como un para\u00edso.<\/p>\n<p>Las condiciones iniciales son excelentes: la isla tiene un clima templado, que hace Mallorca un destino ideal para jugadores de golf en cada temporada. La isla es uno de los mejores destinos tur\u00edsticos, incluso para un viaje corto por causa de las conexiones perfectas, internacionales todo el a\u00f1o.<\/p>\n<p>Otro ventaja es la red de carreteras muy bien desarrollada: al aeropuerto se puede llegar en menos de una hora desde cada campo de golf. \u00c1demas hay diferentes campos para cada nivel de dificultad.<\/p>\n<p>El soleado suroeste dispone de un gran n\u00famero de campos de golf t\u00e9cnicamente muy atractivos en un entorno natural. Debido a la irrigaci\u00f3n necesaria, un tratamiento sostenible y ecol\u00f3gico est\u00e1 garantizado.<\/p>\n<p>Y por \u00faltimo pero no menos importante: los campos de golf son particularmente atractivos por sus instalaciones y sus hoteles afiliados, como el hotel golf Santa Ponsa o el \u00abSteigenberger golf &amp; spa resort\u00bb de Camp de Mar. Especialmente solicitados por apasionados del golf son las residencias que est\u00e1n situadas directament al lado de los campos de golf: Casa adosada o chalet con piscina, para todos gustos ofrecemos la propiedad adecuada.<\/p>\n<p><b>Campo de Golf Santa Ponsa I<\/b><br \/>\nAvd. del Golf s\/n<br \/>\n07180 Santa Ponsa<br \/>\nTel. 971 690211<br \/>\nE-mail: golf1@habitatgolf.es<br \/>\nInternet: www.habitatgolf.es<br \/>\nArchitecto: Falco Nardi und Pepe Gancedo<br \/>\n18 Hoyos, Par 72, Longditud 6543 m<\/p>\n<hr \/>\n<p><b>Campo de Golf Santa Ponsa II<\/b><br \/>\nSolo para miembros del Club de Golf Santa Ponsa<br \/>\n07180 Santa Ponsa<br \/>\nTel. 971 690211<br \/>\nE-mail: golf@habitatgolf.es<br \/>\nInternet: www.habitatgolf.es<br \/>\n18 Hoyos, Par 72, Longditud 6052 m<\/p>\n<hr \/>\n<p><b>Campo de Golf Santa Ponsa III<\/b><br \/>\nSolo para miembros del Club de Golf Santa Ponsa<br \/>\n07180 Santa PonsaTel. 971 690211<br \/>\nE-mail: golf1@habitatgolf.es<br \/>\nInternet: www.habitatgolf.es<br \/>\n9 Hoyos, Par 30, longditud 1599 m<\/p>\n<hr \/>\n<p><b>Campo de Golf Poniente<\/b><br \/>\nCtra. Cala Figuera<br \/>\n07181 Son Ferrer<br \/>\nTel. 971 130148<br \/>\nE-mail: info@t-golf-poniente.com<br \/>\nInternet: www.t-golf-poniente.com<br \/>\nArchitecto: John Harris<br \/>\n18 Hoyos, Par 72, Longditud 6430 m<\/p>\n<hr \/>\n<p><b>Campo de Golf Andratx \/ Camp de Mar<\/b><br \/>\nC\/ Cromiec 1<br \/>\n07160 Camp de Mar<br \/>\nTel. 971 236280<br \/>\nE-mail: info@golfdeandratx.com<br \/>\nInternet: www.golfdeandratx.com<br \/>\nArchitecto: David Kidd<br \/>\n18 Hoyos, Par 72, Longditud 6089 m<\/p>\n<hr \/>\n<p><b>Campo de Golf Bendinat<\/b><br \/>\nC\/ Campoamor s\/n<br \/>\n07181 Bendinat<br \/>\nTel. 971 405200<br \/>\nE-mail: info@realgolfbendinat.com<br \/>\nInternet: www.realgolfbendinat.com<br \/>\nArchitecto: Rafael Ferragut<br \/>\n18 Hoyos, Par 72, Longditud 5660 m<\/p>\n<p>Informaci\u00f3n acerca de Casa Nova Properties, su competente agente inmobiliario Mallorca asume el control para usted la b\u00fasqueda durante la compra de su villa, finca, apartamento, \u00e1tico en Mallorca.<\/p>\n","protected":false},"excerpt":{"rendered":"<p>Golf en Mallorca La gente que llegan por primera vez a Mallorca, admiten que la isla atrae a todo el mundo. Todos quieren volver pronto para disfrutar de ocio, cultura, paisaje y de Mallorca como un para\u00edso. Las condiciones iniciales son excelentes: la isla tiene un clima templado, que hace Mallorca un destino ideal para [&hellip;]<\/p>\n","protected":false},"author":2,"featured_media":0,"parent":0,"menu_order":0,"comment_status":"closed","ping_status":"closed","template":"","meta":{"footnotes":""},"class_list":["post-7441","page","type-page","status-publish","hentry"],"yoast_head":"<!-- This site is optimized with the Yoast SEO plugin v27.5 - https:\/\/yoast.com\/product\/yoast-seo-wordpress\/ -->\n<title>Golf en Mallorca - Immobilien Mallorca Blog<\/title>\n<meta name=\"robots\" content=\"index, follow, max-snippet:-1, max-image-preview:large, max-video-preview:-1\" \/>\n<link rel=\"canonical\" href=\"https:\/\/www.mallorcaimmobilien.com\/blog\/es\/golf-en-mallorca\/\" \/>\n<meta property=\"og:locale\" content=\"es_ES\" \/>\n<meta property=\"og:type\" content=\"article\" \/>\n<meta property=\"og:title\" content=\"Golf en Mallorca - Immobilien Mallorca Blog\" \/>\n<meta property=\"og:description\" content=\"Golf en Mallorca La gente que llegan por primera vez a Mallorca, admiten que la isla atrae a todo el mundo. Todos quieren volver pronto para disfrutar de ocio, cultura, paisaje y de Mallorca como un para\u00edso. Las condiciones iniciales son excelentes: la isla tiene un clima templado, que hace Mallorca un destino ideal para [&hellip;]\" \/>\n<meta property=\"og:url\" content=\"https:\/\/www.mallorcaimmobilien.com\/blog\/es\/golf-en-mallorca\/\" \/>\n<meta property=\"og:site_name\" content=\"Immobilien Mallorca Blog\" \/>\n<meta property=\"article:publisher\" content=\"https:\/\/www.facebook.com\/casanova.immobilien.mallorca\" \/>\n<meta property=\"og:image\" content=\"https:\/\/www.mallorcaimmobilien.com\/blog\/es\/wp-content\/uploads\/2020\/05\/golf_720.jpg\" \/>\n<meta name=\"twitter:card\" content=\"summary_large_image\" \/>\n<meta name=\"twitter:site\" content=\"@Immosantaponsa\" \/>\n<meta name=\"twitter:label1\" content=\"Tiempo de lectura\" \/>\n\t<meta name=\"twitter:data1\" content=\"2 minutos\" \/>\n<script type=\"application\/ld+json\" class=\"yoast-schema-graph\">{\"@context\":\"https:\\\/\\\/schema.org\",\"@graph\":[{\"@type\":\"WebPage\",\"@id\":\"https:\\\/\\\/www.mallorcaimmobilien.com\\\/blog\\\/es\\\/golf-en-mallorca\\\/\",\"url\":\"https:\\\/\\\/www.mallorcaimmobilien.com\\\/blog\\\/es\\\/golf-en-mallorca\\\/\",\"name\":\"Golf en Mallorca - Immobilien Mallorca Blog\",\"isPartOf\":{\"@id\":\"https:\\\/\\\/www.mallorcaimmobilien.com\\\/blog\\\/es\\\/#website\"},\"primaryImageOfPage\":{\"@id\":\"https:\\\/\\\/www.mallorcaimmobilien.com\\\/blog\\\/es\\\/golf-en-mallorca\\\/#primaryimage\"},\"image\":{\"@id\":\"https:\\\/\\\/www.mallorcaimmobilien.com\\\/blog\\\/es\\\/golf-en-mallorca\\\/#primaryimage\"},\"thumbnailUrl\":\"https:\\\/\\\/www.mallorcaimmobilien.com\\\/blog\\\/es\\\/wp-content\\\/uploads\\\/2020\\\/05\\\/golf_720.jpg\",\"datePublished\":\"2020-05-18T13:28:59+00:00\",\"breadcrumb\":{\"@id\":\"https:\\\/\\\/www.mallorcaimmobilien.com\\\/blog\\\/es\\\/golf-en-mallorca\\\/#breadcrumb\"},\"inLanguage\":\"es\",\"potentialAction\":[{\"@type\":\"ReadAction\",\"target\":[\"https:\\\/\\\/www.mallorcaimmobilien.com\\\/blog\\\/es\\\/golf-en-mallorca\\\/\"]}]},{\"@type\":\"ImageObject\",\"inLanguage\":\"es\",\"@id\":\"https:\\\/\\\/www.mallorcaimmobilien.com\\\/blog\\\/es\\\/golf-en-mallorca\\\/#primaryimage\",\"url\":\"https:\\\/\\\/www.mallorcaimmobilien.com\\\/blog\\\/es\\\/wp-content\\\/uploads\\\/2020\\\/05\\\/golf_720.jpg\",\"contentUrl\":\"https:\\\/\\\/www.mallorcaimmobilien.com\\\/blog\\\/es\\\/wp-content\\\/uploads\\\/2020\\\/05\\\/golf_720.jpg\",\"width\":720,\"height\":477,\"caption\":\"Campo de golf\"},{\"@type\":\"BreadcrumbList\",\"@id\":\"https:\\\/\\\/www.mallorcaimmobilien.com\\\/blog\\\/es\\\/golf-en-mallorca\\\/#breadcrumb\",\"itemListElement\":[{\"@type\":\"ListItem\",\"position\":1,\"name\":\"Startseite\",\"item\":\"https:\\\/\\\/www.mallorcaimmobilien.com\\\/blog\\\/es\\\/\"},{\"@type\":\"ListItem\",\"position\":2,\"name\":\"Golf en Mallorca\"}]},{\"@type\":\"WebSite\",\"@id\":\"https:\\\/\\\/www.mallorcaimmobilien.com\\\/blog\\\/es\\\/#website\",\"url\":\"https:\\\/\\\/www.mallorcaimmobilien.com\\\/blog\\\/es\\\/\",\"name\":\"Immobilien Mallorca Blog\",\"description\":\"Casa Nova Properties\",\"publisher\":{\"@id\":\"https:\\\/\\\/www.mallorcaimmobilien.com\\\/blog\\\/es\\\/#organization\"},\"potentialAction\":[{\"@type\":\"SearchAction\",\"target\":{\"@type\":\"EntryPoint\",\"urlTemplate\":\"https:\\\/\\\/www.mallorcaimmobilien.com\\\/blog\\\/es\\\/?s={search_term_string}\"},\"query-input\":{\"@type\":\"PropertyValueSpecification\",\"valueRequired\":true,\"valueName\":\"search_term_string\"}}],\"inLanguage\":\"es\"},{\"@type\":\"Organization\",\"@id\":\"https:\\\/\\\/www.mallorcaimmobilien.com\\\/blog\\\/es\\\/#organization\",\"name\":\"Casa Nova Properties S. L.\",\"url\":\"https:\\\/\\\/www.mallorcaimmobilien.com\\\/blog\\\/es\\\/\",\"logo\":{\"@type\":\"ImageObject\",\"inLanguage\":\"es\",\"@id\":\"https:\\\/\\\/www.mallorcaimmobilien.com\\\/blog\\\/es\\\/#\\\/schema\\\/logo\\\/image\\\/\",\"url\":\"\",\"contentUrl\":\"\",\"caption\":\"Casa Nova Properties S. L.\"},\"image\":{\"@id\":\"https:\\\/\\\/www.mallorcaimmobilien.com\\\/blog\\\/es\\\/#\\\/schema\\\/logo\\\/image\\\/\"},\"sameAs\":[\"https:\\\/\\\/www.facebook.com\\\/casanova.immobilien.mallorca\",\"https:\\\/\\\/x.com\\\/Immosantaponsa\",\"https:\\\/\\\/www.instagram.com\\\/casanovaproperties.mallorca\\\/\",\"http:\\\/\\\/www.pinterest.com\\\/cnpimmobilien\\\/\",\"https:\\\/\\\/www.youtube.com\\\/channel\\\/UC9PGIa8TcOBJrQEx3uGuLgw\"]}]}<\/script>\n<!-- \/ Yoast SEO plugin. -->","yoast_head_json":{"title":"Golf en Mallorca - Immobilien Mallorca Blog","robots":{"index":"index","follow":"follow","max-snippet":"max-snippet:-1","max-image-preview":"max-image-preview:large","max-video-preview":"max-video-preview:-1"},"canonical":"https:\/\/www.mallorcaimmobilien.com\/blog\/es\/golf-en-mallorca\/","og_locale":"es_ES","og_type":"article","og_title":"Golf en Mallorca - Immobilien Mallorca Blog","og_description":"Golf en Mallorca La gente que llegan por primera vez a Mallorca, admiten que la isla atrae a todo el mundo. Todos quieren volver pronto para disfrutar de ocio, cultura, paisaje y de Mallorca como un para\u00edso. Las condiciones iniciales son excelentes: la isla tiene un clima templado, que hace Mallorca un destino ideal para [&hellip;]","og_url":"https:\/\/www.mallorcaimmobilien.com\/blog\/es\/golf-en-mallorca\/","og_site_name":"Immobilien Mallorca Blog","article_publisher":"https:\/\/www.facebook.com\/casanova.immobilien.mallorca","og_image":[{"url":"https:\/\/www.mallorcaimmobilien.com\/blog\/es\/wp-content\/uploads\/2020\/05\/golf_720.jpg","type":"","width":"","height":""}],"twitter_card":"summary_large_image","twitter_site":"@Immosantaponsa","twitter_misc":{"Tiempo de lectura":"2 minutos"},"schema":{"@context":"https:\/\/schema.org","@graph":[{"@type":"WebPage","@id":"https:\/\/www.mallorcaimmobilien.com\/blog\/es\/golf-en-mallorca\/","url":"https:\/\/www.mallorcaimmobilien.com\/blog\/es\/golf-en-mallorca\/","name":"Golf en Mallorca - Immobilien Mallorca Blog","isPartOf":{"@id":"https:\/\/www.mallorcaimmobilien.com\/blog\/es\/#website"},"primaryImageOfPage":{"@id":"https:\/\/www.mallorcaimmobilien.com\/blog\/es\/golf-en-mallorca\/#primaryimage"},"image":{"@id":"https:\/\/www.mallorcaimmobilien.com\/blog\/es\/golf-en-mallorca\/#primaryimage"},"thumbnailUrl":"https:\/\/www.mallorcaimmobilien.com\/blog\/es\/wp-content\/uploads\/2020\/05\/golf_720.jpg","datePublished":"2020-05-18T13:28:59+00:00","breadcrumb":{"@id":"https:\/\/www.mallorcaimmobilien.com\/blog\/es\/golf-en-mallorca\/#breadcrumb"},"inLanguage":"es","potentialAction":[{"@type":"ReadAction","target":["https:\/\/www.mallorcaimmobilien.com\/blog\/es\/golf-en-mallorca\/"]}]},{"@type":"ImageObject","inLanguage":"es","@id":"https:\/\/www.mallorcaimmobilien.com\/blog\/es\/golf-en-mallorca\/#primaryimage","url":"https:\/\/www.mallorcaimmobilien.com\/blog\/es\/wp-content\/uploads\/2020\/05\/golf_720.jpg","contentUrl":"https:\/\/www.mallorcaimmobilien.com\/blog\/es\/wp-content\/uploads\/2020\/05\/golf_720.jpg","width":720,"height":477,"caption":"Campo de golf"},{"@type":"BreadcrumbList","@id":"https:\/\/www.mallorcaimmobilien.com\/blog\/es\/golf-en-mallorca\/#breadcrumb","itemListElement":[{"@type":"ListItem","position":1,"name":"Startseite","item":"https:\/\/www.mallorcaimmobilien.com\/blog\/es\/"},{"@type":"ListItem","position":2,"name":"Golf en Mallorca"}]},{"@type":"WebSite","@id":"https:\/\/www.mallorcaimmobilien.com\/blog\/es\/#website","url":"https:\/\/www.mallorcaimmobilien.com\/blog\/es\/","name":"Immobilien Mallorca Blog","description":"Casa Nova Properties","publisher":{"@id":"https:\/\/www.mallorcaimmobilien.com\/blog\/es\/#organization"},"potentialAction":[{"@type":"SearchAction","target":{"@type":"EntryPoint","urlTemplate":"https:\/\/www.mallorcaimmobilien.com\/blog\/es\/?s={search_term_string}"},"query-input":{"@type":"PropertyValueSpecification","valueRequired":true,"valueName":"search_term_string"}}],"inLanguage":"es"},{"@type":"Organization","@id":"https:\/\/www.mallorcaimmobilien.com\/blog\/es\/#organization","name":"Casa Nova Properties S. L.","url":"https:\/\/www.mallorcaimmobilien.com\/blog\/es\/","logo":{"@type":"ImageObject","inLanguage":"es","@id":"https:\/\/www.mallorcaimmobilien.com\/blog\/es\/#\/schema\/logo\/image\/","url":"","contentUrl":"","caption":"Casa Nova Properties S. L."},"image":{"@id":"https:\/\/www.mallorcaimmobilien.com\/blog\/es\/#\/schema\/logo\/image\/"},"sameAs":["https:\/\/www.facebook.com\/casanova.immobilien.mallorca","https:\/\/x.com\/Immosantaponsa","https:\/\/www.instagram.com\/casanovaproperties.mallorca\/","http:\/\/www.pinterest.com\/cnpimmobilien\/","https:\/\/www.youtube.com\/channel\/UC9PGIa8TcOBJrQEx3uGuLgw"]}]}},"_links":{"self":[{"href":"https:\/\/www.mallorcaimmobilien.com\/blog\/es\/wp-json\/wp\/v2\/pages\/7441","targetHints":{"allow":["GET"]}}],"collection":[{"href":"https:\/\/www.mallorcaimmobilien.com\/blog\/es\/wp-json\/wp\/v2\/pages"}],"about":[{"href":"https:\/\/www.mallorcaimmobilien.com\/blog\/es\/wp-json\/wp\/v2\/types\/page"}],"author":[{"embeddable":true,"href":"https:\/\/www.mallorcaimmobilien.com\/blog\/es\/wp-json\/wp\/v2\/users\/2"}],"replies":[{"embeddable":true,"href":"https:\/\/www.mallorcaimmobilien.com\/blog\/es\/wp-json\/wp\/v2\/comments?post=7441"}],"version-history":[{"count":1,"href":"https:\/\/www.mallorcaimmobilien.com\/blog\/es\/wp-json\/wp\/v2\/pages\/7441\/revisions"}],"predecessor-version":[{"id":7442,"href":"https:\/\/www.mallorcaimmobilien.com\/blog\/es\/wp-json\/wp\/v2\/pages\/7441\/revisions\/7442"}],"wp:attachment":[{"href":"https:\/\/www.mallorcaimmobilien.com\/blog\/es\/wp-json\/wp\/v2\/media?parent=7441"}],"curies":[{"name":"wp","href":"https:\/\/api.w.org\/{rel}","templated":true}]}}