{"id":7445,"date":"2020-05-18T13:40:53","date_gmt":"2020-05-18T13:40:53","guid":{"rendered":"https:\/\/dev1.cnp-mallorca.info\/bloges\/?page_id=7445"},"modified":"2020-05-18T13:40:53","modified_gmt":"2020-05-18T13:40:53","slug":"inmuebles-baratos-en-mallorca","status":"publish","type":"page","link":"https:\/\/www.mallorcaimmobilien.com\/blog\/es\/inmuebles-baratos-en-mallorca\/","title":{"rendered":"Inmuebles baratos en Mallorca"},"content":{"rendered":"<h1>Inmuebles baratos en Mallorca &#8211; compra ahora y haz reformas!<\/h1>\n<p>Muchos de nuestros inmuebles en Mallorca se han construido en los a\u00f1os entre 1970 y 2000. Estos chalets o edificios de apartamentos muchas veces se encuentran en una ubicaci\u00f3n muy buena y tienen vistas al mar.<\/p>\n<p>Muchas propiedades no tienen el estandar de hoy y ofrecen ni el confort ni la tecnolog\u00eda de hoy en dia. No hay ningunas alternativas, porque en los \u00faltimos a\u00f1os no se pod\u00edan construir nuevos chalets o comunidades nuevas en una ubicacion cerca del mar, por causa de unas leyes de construccion m\u00e1s estrictas y los requisitos de la protecci\u00f3n de ambiente y costera.<\/p>\n<p>Pero el cliente de hoy en dia tambi\u00e9n tiene expectativas altas referente el interior del imueble.<\/p>\n<p>Especialmente cuando se desea usar el inmueble en Mallorca durante todo el a\u00f1o, las propiedades tienen que incluir un sistema de calefacci\u00f3n econ\u00f3mico, aire acondicionado fr\u00edo-calor individual, ventanas con aislamiento adecuado, doble acristalamiento y tal vez tambi\u00e9n sistema dom\u00f3tico controlado por el ordenador. Adem\u00e1s, el equipo tecnino de las cocinas deben ser reemplazado en la mayor\u00eda de los casos. Y aqu\u00ed, el nuevo due\u00f1o puede modernizar su propiedad de sue\u00f1o en Mallorca seg\u00fan sus deseos.<\/p>\n<p>En la mayor\u00eda de los casos le aconsejamos al vendedor no reformar el inmueble antes de la venta. El propietario debe asegurar sin embargo que la propiedad est\u00e1 bien presentada para el cliente. Porque las primeras impresiones son las que cuentan! Nosotros, su agente inmobiliario en Mallorca, Casa Nova Properties, le ofrecemos a nuestros clientes la calculaci\u00f3n de los costes de estas obras, da igual que grande ser\u00e1 la obra. Y, si lo desea, ofrecemos la ejecuci\u00f3n de obras por empresas constructoras conocidas. Mas informaciones se pueden encontrar en la pagina Web (<a title=\"Antenati\" href=\"https:\/\/www.antenati.info\" target=\"_blank\" rel=\"noopener noreferrer\">www.antenati.info<\/a>).<\/p>\n","protected":false},"excerpt":{"rendered":"<p>Inmuebles baratos en Mallorca &#8211; compra ahora y haz reformas! Muchos de nuestros inmuebles en Mallorca se han construido en los a\u00f1os entre 1970 y 2000. Estos chalets o edificios de apartamentos muchas veces se encuentran en una ubicaci\u00f3n muy buena y tienen vistas al mar. Muchas propiedades no tienen el estandar de hoy y [&hellip;]<\/p>\n","protected":false},"author":2,"featured_media":0,"parent":0,"menu_order":0,"comment_status":"closed","ping_status":"closed","template":"","meta":{"footnotes":""},"class_list":["post-7445","page","type-page","status-publish","hentry"],"yoast_head":"<!-- This site is optimized with the Yoast SEO plugin v27.3 - https:\/\/yoast.com\/product\/yoast-seo-wordpress\/ -->\n<title>Inmuebles baratos en Mallorca - Immobilien Mallorca Blog<\/title>\n<meta name=\"robots\" content=\"index, follow, max-snippet:-1, max-image-preview:large, max-video-preview:-1\" \/>\n<link rel=\"canonical\" href=\"https:\/\/www.mallorcaimmobilien.com\/blog\/es\/inmuebles-baratos-en-mallorca\/\" \/>\n<meta property=\"og:locale\" content=\"es_ES\" \/>\n<meta property=\"og:type\" content=\"article\" \/>\n<meta property=\"og:title\" content=\"Inmuebles baratos en Mallorca - Immobilien Mallorca Blog\" \/>\n<meta property=\"og:description\" content=\"Inmuebles baratos en Mallorca &#8211; compra ahora y haz reformas! Muchos de nuestros inmuebles en Mallorca se han construido en los a\u00f1os entre 1970 y 2000. Estos chalets o edificios de apartamentos muchas veces se encuentran en una ubicaci\u00f3n muy buena y tienen vistas al mar. Muchas propiedades no tienen el estandar de hoy y [&hellip;]\" \/>\n<meta property=\"og:url\" content=\"https:\/\/www.mallorcaimmobilien.com\/blog\/es\/inmuebles-baratos-en-mallorca\/\" \/>\n<meta property=\"og:site_name\" content=\"Immobilien Mallorca Blog\" \/>\n<meta property=\"article:publisher\" content=\"https:\/\/www.facebook.com\/casanova.immobilien.mallorca\" \/>\n<meta name=\"twitter:card\" content=\"summary_large_image\" \/>\n<meta name=\"twitter:site\" content=\"@Immosantaponsa\" \/>\n<meta name=\"twitter:label1\" content=\"Tiempo de lectura\" \/>\n\t<meta name=\"twitter:data1\" content=\"2 minutos\" \/>\n<script type=\"application\/ld+json\" class=\"yoast-schema-graph\">{\"@context\":\"https:\\\/\\\/schema.org\",\"@graph\":[{\"@type\":\"WebPage\",\"@id\":\"https:\\\/\\\/www.mallorcaimmobilien.com\\\/blog\\\/es\\\/inmuebles-baratos-en-mallorca\\\/\",\"url\":\"https:\\\/\\\/www.mallorcaimmobilien.com\\\/blog\\\/es\\\/inmuebles-baratos-en-mallorca\\\/\",\"name\":\"Inmuebles baratos en Mallorca - Immobilien Mallorca Blog\",\"isPartOf\":{\"@id\":\"https:\\\/\\\/www.mallorcaimmobilien.com\\\/blog\\\/es\\\/#website\"},\"datePublished\":\"2020-05-18T13:40:53+00:00\",\"breadcrumb\":{\"@id\":\"https:\\\/\\\/www.mallorcaimmobilien.com\\\/blog\\\/es\\\/inmuebles-baratos-en-mallorca\\\/#breadcrumb\"},\"inLanguage\":\"es\",\"potentialAction\":[{\"@type\":\"ReadAction\",\"target\":[\"https:\\\/\\\/www.mallorcaimmobilien.com\\\/blog\\\/es\\\/inmuebles-baratos-en-mallorca\\\/\"]}]},{\"@type\":\"BreadcrumbList\",\"@id\":\"https:\\\/\\\/www.mallorcaimmobilien.com\\\/blog\\\/es\\\/inmuebles-baratos-en-mallorca\\\/#breadcrumb\",\"itemListElement\":[{\"@type\":\"ListItem\",\"position\":1,\"name\":\"Startseite\",\"item\":\"https:\\\/\\\/www.mallorcaimmobilien.com\\\/blog\\\/es\\\/\"},{\"@type\":\"ListItem\",\"position\":2,\"name\":\"Inmuebles baratos en Mallorca\"}]},{\"@type\":\"WebSite\",\"@id\":\"https:\\\/\\\/www.mallorcaimmobilien.com\\\/blog\\\/es\\\/#website\",\"url\":\"https:\\\/\\\/www.mallorcaimmobilien.com\\\/blog\\\/es\\\/\",\"name\":\"Immobilien Mallorca Blog\",\"description\":\"Casa Nova Properties\",\"publisher\":{\"@id\":\"https:\\\/\\\/www.mallorcaimmobilien.com\\\/blog\\\/es\\\/#organization\"},\"potentialAction\":[{\"@type\":\"SearchAction\",\"target\":{\"@type\":\"EntryPoint\",\"urlTemplate\":\"https:\\\/\\\/www.mallorcaimmobilien.com\\\/blog\\\/es\\\/?s={search_term_string}\"},\"query-input\":{\"@type\":\"PropertyValueSpecification\",\"valueRequired\":true,\"valueName\":\"search_term_string\"}}],\"inLanguage\":\"es\"},{\"@type\":\"Organization\",\"@id\":\"https:\\\/\\\/www.mallorcaimmobilien.com\\\/blog\\\/es\\\/#organization\",\"name\":\"Casa Nova Properties S. L.\",\"url\":\"https:\\\/\\\/www.mallorcaimmobilien.com\\\/blog\\\/es\\\/\",\"logo\":{\"@type\":\"ImageObject\",\"inLanguage\":\"es\",\"@id\":\"https:\\\/\\\/www.mallorcaimmobilien.com\\\/blog\\\/es\\\/#\\\/schema\\\/logo\\\/image\\\/\",\"url\":\"\",\"contentUrl\":\"\",\"caption\":\"Casa Nova Properties S. L.\"},\"image\":{\"@id\":\"https:\\\/\\\/www.mallorcaimmobilien.com\\\/blog\\\/es\\\/#\\\/schema\\\/logo\\\/image\\\/\"},\"sameAs\":[\"https:\\\/\\\/www.facebook.com\\\/casanova.immobilien.mallorca\",\"https:\\\/\\\/x.com\\\/Immosantaponsa\",\"https:\\\/\\\/www.instagram.com\\\/casanovaproperties.mallorca\\\/\",\"http:\\\/\\\/www.pinterest.com\\\/cnpimmobilien\\\/\",\"https:\\\/\\\/www.youtube.com\\\/channel\\\/UC9PGIa8TcOBJrQEx3uGuLgw\"]}]}<\/script>\n<!-- \/ Yoast SEO plugin. -->","yoast_head_json":{"title":"Inmuebles baratos en Mallorca - Immobilien Mallorca Blog","robots":{"index":"index","follow":"follow","max-snippet":"max-snippet:-1","max-image-preview":"max-image-preview:large","max-video-preview":"max-video-preview:-1"},"canonical":"https:\/\/www.mallorcaimmobilien.com\/blog\/es\/inmuebles-baratos-en-mallorca\/","og_locale":"es_ES","og_type":"article","og_title":"Inmuebles baratos en Mallorca - Immobilien Mallorca Blog","og_description":"Inmuebles baratos en Mallorca &#8211; compra ahora y haz reformas! Muchos de nuestros inmuebles en Mallorca se han construido en los a\u00f1os entre 1970 y 2000. Estos chalets o edificios de apartamentos muchas veces se encuentran en una ubicaci\u00f3n muy buena y tienen vistas al mar. Muchas propiedades no tienen el estandar de hoy y [&hellip;]","og_url":"https:\/\/www.mallorcaimmobilien.com\/blog\/es\/inmuebles-baratos-en-mallorca\/","og_site_name":"Immobilien Mallorca Blog","article_publisher":"https:\/\/www.facebook.com\/casanova.immobilien.mallorca","twitter_card":"summary_large_image","twitter_site":"@Immosantaponsa","twitter_misc":{"Tiempo de lectura":"2 minutos"},"schema":{"@context":"https:\/\/schema.org","@graph":[{"@type":"WebPage","@id":"https:\/\/www.mallorcaimmobilien.com\/blog\/es\/inmuebles-baratos-en-mallorca\/","url":"https:\/\/www.mallorcaimmobilien.com\/blog\/es\/inmuebles-baratos-en-mallorca\/","name":"Inmuebles baratos en Mallorca - Immobilien Mallorca Blog","isPartOf":{"@id":"https:\/\/www.mallorcaimmobilien.com\/blog\/es\/#website"},"datePublished":"2020-05-18T13:40:53+00:00","breadcrumb":{"@id":"https:\/\/www.mallorcaimmobilien.com\/blog\/es\/inmuebles-baratos-en-mallorca\/#breadcrumb"},"inLanguage":"es","potentialAction":[{"@type":"ReadAction","target":["https:\/\/www.mallorcaimmobilien.com\/blog\/es\/inmuebles-baratos-en-mallorca\/"]}]},{"@type":"BreadcrumbList","@id":"https:\/\/www.mallorcaimmobilien.com\/blog\/es\/inmuebles-baratos-en-mallorca\/#breadcrumb","itemListElement":[{"@type":"ListItem","position":1,"name":"Startseite","item":"https:\/\/www.mallorcaimmobilien.com\/blog\/es\/"},{"@type":"ListItem","position":2,"name":"Inmuebles baratos en Mallorca"}]},{"@type":"WebSite","@id":"https:\/\/www.mallorcaimmobilien.com\/blog\/es\/#website","url":"https:\/\/www.mallorcaimmobilien.com\/blog\/es\/","name":"Immobilien Mallorca Blog","description":"Casa Nova Properties","publisher":{"@id":"https:\/\/www.mallorcaimmobilien.com\/blog\/es\/#organization"},"potentialAction":[{"@type":"SearchAction","target":{"@type":"EntryPoint","urlTemplate":"https:\/\/www.mallorcaimmobilien.com\/blog\/es\/?s={search_term_string}"},"query-input":{"@type":"PropertyValueSpecification","valueRequired":true,"valueName":"search_term_string"}}],"inLanguage":"es"},{"@type":"Organization","@id":"https:\/\/www.mallorcaimmobilien.com\/blog\/es\/#organization","name":"Casa Nova Properties S. L.","url":"https:\/\/www.mallorcaimmobilien.com\/blog\/es\/","logo":{"@type":"ImageObject","inLanguage":"es","@id":"https:\/\/www.mallorcaimmobilien.com\/blog\/es\/#\/schema\/logo\/image\/","url":"","contentUrl":"","caption":"Casa Nova Properties S. L."},"image":{"@id":"https:\/\/www.mallorcaimmobilien.com\/blog\/es\/#\/schema\/logo\/image\/"},"sameAs":["https:\/\/www.facebook.com\/casanova.immobilien.mallorca","https:\/\/x.com\/Immosantaponsa","https:\/\/www.instagram.com\/casanovaproperties.mallorca\/","http:\/\/www.pinterest.com\/cnpimmobilien\/","https:\/\/www.youtube.com\/channel\/UC9PGIa8TcOBJrQEx3uGuLgw"]}]}},"_links":{"self":[{"href":"https:\/\/www.mallorcaimmobilien.com\/blog\/es\/wp-json\/wp\/v2\/pages\/7445","targetHints":{"allow":["GET"]}}],"collection":[{"href":"https:\/\/www.mallorcaimmobilien.com\/blog\/es\/wp-json\/wp\/v2\/pages"}],"about":[{"href":"https:\/\/www.mallorcaimmobilien.com\/blog\/es\/wp-json\/wp\/v2\/types\/page"}],"author":[{"embeddable":true,"href":"https:\/\/www.mallorcaimmobilien.com\/blog\/es\/wp-json\/wp\/v2\/users\/2"}],"replies":[{"embeddable":true,"href":"https:\/\/www.mallorcaimmobilien.com\/blog\/es\/wp-json\/wp\/v2\/comments?post=7445"}],"version-history":[{"count":1,"href":"https:\/\/www.mallorcaimmobilien.com\/blog\/es\/wp-json\/wp\/v2\/pages\/7445\/revisions"}],"predecessor-version":[{"id":7446,"href":"https:\/\/www.mallorcaimmobilien.com\/blog\/es\/wp-json\/wp\/v2\/pages\/7445\/revisions\/7446"}],"wp:attachment":[{"href":"https:\/\/www.mallorcaimmobilien.com\/blog\/es\/wp-json\/wp\/v2\/media?parent=7445"}],"curies":[{"name":"wp","href":"https:\/\/api.w.org\/{rel}","templated":true}]}}