{"id":7447,"date":"2020-05-18T13:41:58","date_gmt":"2020-05-18T13:41:58","guid":{"rendered":"https:\/\/dev1.cnp-mallorca.info\/bloges\/?page_id=7447"},"modified":"2020-05-18T13:41:58","modified_gmt":"2020-05-18T13:41:58","slug":"inmobiliaria-en-santa-ponsa-y-alrededores","status":"publish","type":"page","link":"https:\/\/www.mallorcaimmobilien.com\/blog\/es\/inmobiliaria-en-santa-ponsa-y-alrededores\/","title":{"rendered":"Inmobiliaria en Santa Ponsa y alrededores"},"content":{"rendered":"<h1>Inmobiliaria en Santa Ponsa y alrededores<\/h1>\n<p>Somos sus especialistas en propiedades en Santa Ponsa, la ciudad costera popular en el suroeste de Mallorca. La sede de nuestra empresa inmobiliaria est\u00e1 situada en el centro de Santa Ponsa, que no s\u00f3lo es un sitio pupular para los turistas, sino tambi\u00e9n es un lugar donde se pueden encontrar todas categor\u00edas de propiedades: casas, pisos, apartamentos, \u00e1ticos, etc. Para nosotros, cada deseo de nuestros clientes es muy importante saber, asi aseguramos que m\u00e1s adelante todavia sera contento con su propiedad elegida. Un apartamento de 300.000 \u20ac tambi\u00e9n puede ser una propiedad de lujo!<\/p>\n<p>Propiedades atractivas en Mallorca, presentadas por su inmobiliaria Casa Nova Properties<\/p>\n<p>Estamos enfocados en el suroeste de la isla con los municipios Calvi\u00e0 y Andratx, incluyendo Santa Ponsa. En esta comunidad mallorquina no s\u00f3lo se pueden encontrar muchos bancos, m\u00e9dicos internacionales y supermercados si no tambi\u00e9n una oferta gastron\u00f3mica muy atractiva. A poca distancia del centro se encuentra el puerto deportivo famoso de Santa Ponsa.<\/p>\n<p>Amplia gama de propiedades para satisfacer todos los gustos y las demandas en los regiones preferidas.<\/p>\n<p>Adem\u00e1s de nuestras propiedades en Santa Ponsa nuestra amplia cartera de propiedades incluye propiedades residenciales en San Agust\u00edn, Bendinat, Illetas, Costa d&#8217;en Blanes, Sol de Mallorca, Cala Vinyas, El Toro, Port Adriano, Costa de la Calma, Paguera , Es Capdella, Calvi\u00e0, Camp de Mar y Puerto de Andratx.<\/p>\n<p>Les informamos con mucho gusto sobre nuestras propiedades actuales en Santa Ponsa o en otros lugares. Ofrecemos asesoramiento especializado con productos adaptados. Pongase en contacto con nosotros por tel\u00e9fono, por correo electr\u00f3nico o a trav\u00e9s de nuestro formulario de contacto.<\/p>\n","protected":false},"excerpt":{"rendered":"<p>Inmobiliaria en Santa Ponsa y alrededores Somos sus especialistas en propiedades en Santa Ponsa, la ciudad costera popular en el suroeste de Mallorca. La sede de nuestra empresa inmobiliaria est\u00e1 situada en el centro de Santa Ponsa, que no s\u00f3lo es un sitio pupular para los turistas, sino tambi\u00e9n es un lugar donde se pueden [&hellip;]<\/p>\n","protected":false},"author":2,"featured_media":0,"parent":0,"menu_order":0,"comment_status":"closed","ping_status":"closed","template":"","meta":{"footnotes":""},"class_list":["post-7447","page","type-page","status-publish","hentry"],"yoast_head":"<!-- This site is optimized with the Yoast SEO plugin v27.5 - https:\/\/yoast.com\/product\/yoast-seo-wordpress\/ -->\n<title>Inmobiliaria en Santa Ponsa y alrededores - Immobilien Mallorca Blog<\/title>\n<meta name=\"robots\" content=\"index, follow, max-snippet:-1, max-image-preview:large, max-video-preview:-1\" \/>\n<link rel=\"canonical\" href=\"https:\/\/www.mallorcaimmobilien.com\/blog\/es\/inmobiliaria-en-santa-ponsa-y-alrededores\/\" \/>\n<meta property=\"og:locale\" content=\"es_ES\" \/>\n<meta property=\"og:type\" content=\"article\" \/>\n<meta property=\"og:title\" content=\"Inmobiliaria en Santa Ponsa y alrededores - Immobilien Mallorca Blog\" \/>\n<meta property=\"og:description\" content=\"Inmobiliaria en Santa Ponsa y alrededores Somos sus especialistas en propiedades en Santa Ponsa, la ciudad costera popular en el suroeste de Mallorca. La sede de nuestra empresa inmobiliaria est\u00e1 situada en el centro de Santa Ponsa, que no s\u00f3lo es un sitio pupular para los turistas, sino tambi\u00e9n es un lugar donde se pueden [&hellip;]\" \/>\n<meta property=\"og:url\" content=\"https:\/\/www.mallorcaimmobilien.com\/blog\/es\/inmobiliaria-en-santa-ponsa-y-alrededores\/\" \/>\n<meta property=\"og:site_name\" content=\"Immobilien Mallorca Blog\" \/>\n<meta property=\"article:publisher\" content=\"https:\/\/www.facebook.com\/casanova.immobilien.mallorca\" \/>\n<meta name=\"twitter:card\" content=\"summary_large_image\" \/>\n<meta name=\"twitter:site\" content=\"@Immosantaponsa\" \/>\n<meta name=\"twitter:label1\" content=\"Tiempo de lectura\" \/>\n\t<meta name=\"twitter:data1\" content=\"1 minuto\" \/>\n<script type=\"application\/ld+json\" class=\"yoast-schema-graph\">{\"@context\":\"https:\\\/\\\/schema.org\",\"@graph\":[{\"@type\":\"WebPage\",\"@id\":\"https:\\\/\\\/www.mallorcaimmobilien.com\\\/blog\\\/es\\\/inmobiliaria-en-santa-ponsa-y-alrededores\\\/\",\"url\":\"https:\\\/\\\/www.mallorcaimmobilien.com\\\/blog\\\/es\\\/inmobiliaria-en-santa-ponsa-y-alrededores\\\/\",\"name\":\"Inmobiliaria en Santa Ponsa y alrededores - Immobilien Mallorca Blog\",\"isPartOf\":{\"@id\":\"https:\\\/\\\/www.mallorcaimmobilien.com\\\/blog\\\/es\\\/#website\"},\"datePublished\":\"2020-05-18T13:41:58+00:00\",\"breadcrumb\":{\"@id\":\"https:\\\/\\\/www.mallorcaimmobilien.com\\\/blog\\\/es\\\/inmobiliaria-en-santa-ponsa-y-alrededores\\\/#breadcrumb\"},\"inLanguage\":\"es\",\"potentialAction\":[{\"@type\":\"ReadAction\",\"target\":[\"https:\\\/\\\/www.mallorcaimmobilien.com\\\/blog\\\/es\\\/inmobiliaria-en-santa-ponsa-y-alrededores\\\/\"]}]},{\"@type\":\"BreadcrumbList\",\"@id\":\"https:\\\/\\\/www.mallorcaimmobilien.com\\\/blog\\\/es\\\/inmobiliaria-en-santa-ponsa-y-alrededores\\\/#breadcrumb\",\"itemListElement\":[{\"@type\":\"ListItem\",\"position\":1,\"name\":\"Startseite\",\"item\":\"https:\\\/\\\/www.mallorcaimmobilien.com\\\/blog\\\/es\\\/\"},{\"@type\":\"ListItem\",\"position\":2,\"name\":\"Inmobiliaria en Santa Ponsa y alrededores\"}]},{\"@type\":\"WebSite\",\"@id\":\"https:\\\/\\\/www.mallorcaimmobilien.com\\\/blog\\\/es\\\/#website\",\"url\":\"https:\\\/\\\/www.mallorcaimmobilien.com\\\/blog\\\/es\\\/\",\"name\":\"Immobilien Mallorca Blog\",\"description\":\"Casa Nova Properties\",\"publisher\":{\"@id\":\"https:\\\/\\\/www.mallorcaimmobilien.com\\\/blog\\\/es\\\/#organization\"},\"potentialAction\":[{\"@type\":\"SearchAction\",\"target\":{\"@type\":\"EntryPoint\",\"urlTemplate\":\"https:\\\/\\\/www.mallorcaimmobilien.com\\\/blog\\\/es\\\/?s={search_term_string}\"},\"query-input\":{\"@type\":\"PropertyValueSpecification\",\"valueRequired\":true,\"valueName\":\"search_term_string\"}}],\"inLanguage\":\"es\"},{\"@type\":\"Organization\",\"@id\":\"https:\\\/\\\/www.mallorcaimmobilien.com\\\/blog\\\/es\\\/#organization\",\"name\":\"Casa Nova Properties S. L.\",\"url\":\"https:\\\/\\\/www.mallorcaimmobilien.com\\\/blog\\\/es\\\/\",\"logo\":{\"@type\":\"ImageObject\",\"inLanguage\":\"es\",\"@id\":\"https:\\\/\\\/www.mallorcaimmobilien.com\\\/blog\\\/es\\\/#\\\/schema\\\/logo\\\/image\\\/\",\"url\":\"\",\"contentUrl\":\"\",\"caption\":\"Casa Nova Properties S. L.\"},\"image\":{\"@id\":\"https:\\\/\\\/www.mallorcaimmobilien.com\\\/blog\\\/es\\\/#\\\/schema\\\/logo\\\/image\\\/\"},\"sameAs\":[\"https:\\\/\\\/www.facebook.com\\\/casanova.immobilien.mallorca\",\"https:\\\/\\\/x.com\\\/Immosantaponsa\",\"https:\\\/\\\/www.instagram.com\\\/casanovaproperties.mallorca\\\/\",\"http:\\\/\\\/www.pinterest.com\\\/cnpimmobilien\\\/\",\"https:\\\/\\\/www.youtube.com\\\/channel\\\/UC9PGIa8TcOBJrQEx3uGuLgw\"]}]}<\/script>\n<!-- \/ Yoast SEO plugin. -->","yoast_head_json":{"title":"Inmobiliaria en Santa Ponsa y alrededores - Immobilien Mallorca Blog","robots":{"index":"index","follow":"follow","max-snippet":"max-snippet:-1","max-image-preview":"max-image-preview:large","max-video-preview":"max-video-preview:-1"},"canonical":"https:\/\/www.mallorcaimmobilien.com\/blog\/es\/inmobiliaria-en-santa-ponsa-y-alrededores\/","og_locale":"es_ES","og_type":"article","og_title":"Inmobiliaria en Santa Ponsa y alrededores - Immobilien Mallorca Blog","og_description":"Inmobiliaria en Santa Ponsa y alrededores Somos sus especialistas en propiedades en Santa Ponsa, la ciudad costera popular en el suroeste de Mallorca. La sede de nuestra empresa inmobiliaria est\u00e1 situada en el centro de Santa Ponsa, que no s\u00f3lo es un sitio pupular para los turistas, sino tambi\u00e9n es un lugar donde se pueden [&hellip;]","og_url":"https:\/\/www.mallorcaimmobilien.com\/blog\/es\/inmobiliaria-en-santa-ponsa-y-alrededores\/","og_site_name":"Immobilien Mallorca Blog","article_publisher":"https:\/\/www.facebook.com\/casanova.immobilien.mallorca","twitter_card":"summary_large_image","twitter_site":"@Immosantaponsa","twitter_misc":{"Tiempo de lectura":"1 minuto"},"schema":{"@context":"https:\/\/schema.org","@graph":[{"@type":"WebPage","@id":"https:\/\/www.mallorcaimmobilien.com\/blog\/es\/inmobiliaria-en-santa-ponsa-y-alrededores\/","url":"https:\/\/www.mallorcaimmobilien.com\/blog\/es\/inmobiliaria-en-santa-ponsa-y-alrededores\/","name":"Inmobiliaria en Santa Ponsa y alrededores - Immobilien Mallorca Blog","isPartOf":{"@id":"https:\/\/www.mallorcaimmobilien.com\/blog\/es\/#website"},"datePublished":"2020-05-18T13:41:58+00:00","breadcrumb":{"@id":"https:\/\/www.mallorcaimmobilien.com\/blog\/es\/inmobiliaria-en-santa-ponsa-y-alrededores\/#breadcrumb"},"inLanguage":"es","potentialAction":[{"@type":"ReadAction","target":["https:\/\/www.mallorcaimmobilien.com\/blog\/es\/inmobiliaria-en-santa-ponsa-y-alrededores\/"]}]},{"@type":"BreadcrumbList","@id":"https:\/\/www.mallorcaimmobilien.com\/blog\/es\/inmobiliaria-en-santa-ponsa-y-alrededores\/#breadcrumb","itemListElement":[{"@type":"ListItem","position":1,"name":"Startseite","item":"https:\/\/www.mallorcaimmobilien.com\/blog\/es\/"},{"@type":"ListItem","position":2,"name":"Inmobiliaria en Santa Ponsa y alrededores"}]},{"@type":"WebSite","@id":"https:\/\/www.mallorcaimmobilien.com\/blog\/es\/#website","url":"https:\/\/www.mallorcaimmobilien.com\/blog\/es\/","name":"Immobilien Mallorca Blog","description":"Casa Nova Properties","publisher":{"@id":"https:\/\/www.mallorcaimmobilien.com\/blog\/es\/#organization"},"potentialAction":[{"@type":"SearchAction","target":{"@type":"EntryPoint","urlTemplate":"https:\/\/www.mallorcaimmobilien.com\/blog\/es\/?s={search_term_string}"},"query-input":{"@type":"PropertyValueSpecification","valueRequired":true,"valueName":"search_term_string"}}],"inLanguage":"es"},{"@type":"Organization","@id":"https:\/\/www.mallorcaimmobilien.com\/blog\/es\/#organization","name":"Casa Nova Properties S. L.","url":"https:\/\/www.mallorcaimmobilien.com\/blog\/es\/","logo":{"@type":"ImageObject","inLanguage":"es","@id":"https:\/\/www.mallorcaimmobilien.com\/blog\/es\/#\/schema\/logo\/image\/","url":"","contentUrl":"","caption":"Casa Nova Properties S. L."},"image":{"@id":"https:\/\/www.mallorcaimmobilien.com\/blog\/es\/#\/schema\/logo\/image\/"},"sameAs":["https:\/\/www.facebook.com\/casanova.immobilien.mallorca","https:\/\/x.com\/Immosantaponsa","https:\/\/www.instagram.com\/casanovaproperties.mallorca\/","http:\/\/www.pinterest.com\/cnpimmobilien\/","https:\/\/www.youtube.com\/channel\/UC9PGIa8TcOBJrQEx3uGuLgw"]}]}},"_links":{"self":[{"href":"https:\/\/www.mallorcaimmobilien.com\/blog\/es\/wp-json\/wp\/v2\/pages\/7447","targetHints":{"allow":["GET"]}}],"collection":[{"href":"https:\/\/www.mallorcaimmobilien.com\/blog\/es\/wp-json\/wp\/v2\/pages"}],"about":[{"href":"https:\/\/www.mallorcaimmobilien.com\/blog\/es\/wp-json\/wp\/v2\/types\/page"}],"author":[{"embeddable":true,"href":"https:\/\/www.mallorcaimmobilien.com\/blog\/es\/wp-json\/wp\/v2\/users\/2"}],"replies":[{"embeddable":true,"href":"https:\/\/www.mallorcaimmobilien.com\/blog\/es\/wp-json\/wp\/v2\/comments?post=7447"}],"version-history":[{"count":1,"href":"https:\/\/www.mallorcaimmobilien.com\/blog\/es\/wp-json\/wp\/v2\/pages\/7447\/revisions"}],"predecessor-version":[{"id":7448,"href":"https:\/\/www.mallorcaimmobilien.com\/blog\/es\/wp-json\/wp\/v2\/pages\/7447\/revisions\/7448"}],"wp:attachment":[{"href":"https:\/\/www.mallorcaimmobilien.com\/blog\/es\/wp-json\/wp\/v2\/media?parent=7447"}],"curies":[{"name":"wp","href":"https:\/\/api.w.org\/{rel}","templated":true}]}}