{"id":7449,"date":"2020-05-18T13:43:10","date_gmt":"2020-05-18T13:43:10","guid":{"rendered":"https:\/\/dev1.cnp-mallorca.info\/bloges\/?page_id=7449"},"modified":"2020-05-18T13:43:10","modified_gmt":"2020-05-18T13:43:10","slug":"comprar-un-atico-en-mallorca","status":"publish","type":"page","link":"https:\/\/www.mallorcaimmobilien.com\/blog\/es\/comprar-un-atico-en-mallorca\/","title":{"rendered":"Comprar un Atico en Mallorca"},"content":{"rendered":"<h1>Comprar un Atico en Mallorca<\/h1>\n<h5>Casa Nova Properties ayuda a encontrar su inmueble de lujo!<\/h5>\n<p>Mallorca Atico: Muchos clientes est\u00e1n buscando una propiedad con una privacidad total , pero al mismo tiempo con las ventajas de una comunidad cerrada. Aqu\u00ed te recomendamos un \u00e1tico en la planta superior de una residencia del propietario.<\/p>\n<p>Desde una amplia terraza tiene una hermosa vista, a menudo incluso vistas al mar. Algunos \u00e1ticos tienen incluso un peque\u00f1o Jacuzzi privado. Y si quiere nadar, casi cada comunidad complejo tiene una amplia piscina. Generalmente tambi\u00e9n un ascensor pertenece a un \u00e1tico hasta el s\u00f3tano con trastero y plaza de aparcamiento.<\/p>\n<p>Con nuestro apoyo, usted encontrar\u00e1 el mejor \u00e1tico, que cumpla con sus necesidades y deseos. Hemos ayudado ya numerosas partes interesadas, a comprar un \u00e1tico, que utilizan como una residencia permanente o casa de vacaciones.<\/p>\n<p>\u00c1ticos son tambi\u00e9n una buena inversi\u00f3n de capital, porque constantemente est\u00e1 aumentando la demanda de inmuebles en Mallorca.<\/p>\n<p>De momento los \u00e1ticos son los inmuebles m\u00e1s populares e importantes.<\/p>\n<p>Si usted quiere comprar un \u00e1tico en Mallorca en una comunidad, nos gustar\u00eda conocerle!<\/p>\n<p>Hay muchos objetos interesantes, nos gustar\u00eda conocerles personalmente y presentarle nuestra cartera. Sus ilusiones personales sobre el tama\u00f1o, ubicaci\u00f3n y servicios del objeto son criterios importantes. Estos criterios presentamos a usted dirigido a \u00e1ticos correspondientes, que est\u00e1n actualmente en el mercado.<\/p>\n<p>Consultas y servicio en nuestra inmobiliaria en Mallorca: Casa Nova es un dedicado y operado propietario de agentes de propiedades en el sur oeste de la isla con muchos contactos a los propietarios locales de una inmobilia en Mallorca. Con nuestra amplia repropiedades. Si usted compra un \u00e1tico sobre nosotros, te acompa\u00f1amos con servicio de ventas desde el principio hasta el final del contrato y adem\u00e1s con un despu\u00e9s.<\/p>\n<p>Insp\u00edrese por nosotros!<\/p>\n","protected":false},"excerpt":{"rendered":"<p>Comprar un Atico en Mallorca Casa Nova Properties ayuda a encontrar su inmueble de lujo! Mallorca Atico: Muchos clientes est\u00e1n buscando una propiedad con una privacidad total , pero al mismo tiempo con las ventajas de una comunidad cerrada. Aqu\u00ed te recomendamos un \u00e1tico en la planta superior de una residencia del propietario. Desde una [&hellip;]<\/p>\n","protected":false},"author":2,"featured_media":0,"parent":0,"menu_order":0,"comment_status":"closed","ping_status":"closed","template":"","meta":{"footnotes":""},"class_list":["post-7449","page","type-page","status-publish","hentry"],"yoast_head":"<!-- This site is optimized with the Yoast SEO plugin v27.5 - https:\/\/yoast.com\/product\/yoast-seo-wordpress\/ -->\n<title>Comprar un Atico en Mallorca - Immobilien Mallorca Blog<\/title>\n<meta name=\"robots\" content=\"index, follow, max-snippet:-1, max-image-preview:large, max-video-preview:-1\" \/>\n<link rel=\"canonical\" href=\"https:\/\/www.mallorcaimmobilien.com\/blog\/es\/comprar-un-atico-en-mallorca\/\" \/>\n<meta property=\"og:locale\" content=\"es_ES\" \/>\n<meta property=\"og:type\" content=\"article\" \/>\n<meta property=\"og:title\" content=\"Comprar un Atico en Mallorca - Immobilien Mallorca Blog\" \/>\n<meta property=\"og:description\" content=\"Comprar un Atico en Mallorca Casa Nova Properties ayuda a encontrar su inmueble de lujo! Mallorca Atico: Muchos clientes est\u00e1n buscando una propiedad con una privacidad total , pero al mismo tiempo con las ventajas de una comunidad cerrada. Aqu\u00ed te recomendamos un \u00e1tico en la planta superior de una residencia del propietario. Desde una [&hellip;]\" \/>\n<meta property=\"og:url\" content=\"https:\/\/www.mallorcaimmobilien.com\/blog\/es\/comprar-un-atico-en-mallorca\/\" \/>\n<meta property=\"og:site_name\" content=\"Immobilien Mallorca Blog\" \/>\n<meta property=\"article:publisher\" content=\"https:\/\/www.facebook.com\/casanova.immobilien.mallorca\" \/>\n<meta name=\"twitter:card\" content=\"summary_large_image\" \/>\n<meta name=\"twitter:site\" content=\"@Immosantaponsa\" \/>\n<meta name=\"twitter:label1\" content=\"Tiempo de lectura\" \/>\n\t<meta name=\"twitter:data1\" content=\"2 minutos\" \/>\n<script type=\"application\/ld+json\" class=\"yoast-schema-graph\">{\"@context\":\"https:\\\/\\\/schema.org\",\"@graph\":[{\"@type\":\"WebPage\",\"@id\":\"https:\\\/\\\/www.mallorcaimmobilien.com\\\/blog\\\/es\\\/comprar-un-atico-en-mallorca\\\/\",\"url\":\"https:\\\/\\\/www.mallorcaimmobilien.com\\\/blog\\\/es\\\/comprar-un-atico-en-mallorca\\\/\",\"name\":\"Comprar un Atico en Mallorca - Immobilien Mallorca Blog\",\"isPartOf\":{\"@id\":\"https:\\\/\\\/www.mallorcaimmobilien.com\\\/blog\\\/es\\\/#website\"},\"datePublished\":\"2020-05-18T13:43:10+00:00\",\"breadcrumb\":{\"@id\":\"https:\\\/\\\/www.mallorcaimmobilien.com\\\/blog\\\/es\\\/comprar-un-atico-en-mallorca\\\/#breadcrumb\"},\"inLanguage\":\"es\",\"potentialAction\":[{\"@type\":\"ReadAction\",\"target\":[\"https:\\\/\\\/www.mallorcaimmobilien.com\\\/blog\\\/es\\\/comprar-un-atico-en-mallorca\\\/\"]}]},{\"@type\":\"BreadcrumbList\",\"@id\":\"https:\\\/\\\/www.mallorcaimmobilien.com\\\/blog\\\/es\\\/comprar-un-atico-en-mallorca\\\/#breadcrumb\",\"itemListElement\":[{\"@type\":\"ListItem\",\"position\":1,\"name\":\"Startseite\",\"item\":\"https:\\\/\\\/www.mallorcaimmobilien.com\\\/blog\\\/es\\\/\"},{\"@type\":\"ListItem\",\"position\":2,\"name\":\"Comprar un Atico en Mallorca\"}]},{\"@type\":\"WebSite\",\"@id\":\"https:\\\/\\\/www.mallorcaimmobilien.com\\\/blog\\\/es\\\/#website\",\"url\":\"https:\\\/\\\/www.mallorcaimmobilien.com\\\/blog\\\/es\\\/\",\"name\":\"Immobilien Mallorca Blog\",\"description\":\"Casa Nova Properties\",\"publisher\":{\"@id\":\"https:\\\/\\\/www.mallorcaimmobilien.com\\\/blog\\\/es\\\/#organization\"},\"potentialAction\":[{\"@type\":\"SearchAction\",\"target\":{\"@type\":\"EntryPoint\",\"urlTemplate\":\"https:\\\/\\\/www.mallorcaimmobilien.com\\\/blog\\\/es\\\/?s={search_term_string}\"},\"query-input\":{\"@type\":\"PropertyValueSpecification\",\"valueRequired\":true,\"valueName\":\"search_term_string\"}}],\"inLanguage\":\"es\"},{\"@type\":\"Organization\",\"@id\":\"https:\\\/\\\/www.mallorcaimmobilien.com\\\/blog\\\/es\\\/#organization\",\"name\":\"Casa Nova Properties S. L.\",\"url\":\"https:\\\/\\\/www.mallorcaimmobilien.com\\\/blog\\\/es\\\/\",\"logo\":{\"@type\":\"ImageObject\",\"inLanguage\":\"es\",\"@id\":\"https:\\\/\\\/www.mallorcaimmobilien.com\\\/blog\\\/es\\\/#\\\/schema\\\/logo\\\/image\\\/\",\"url\":\"\",\"contentUrl\":\"\",\"caption\":\"Casa Nova Properties S. L.\"},\"image\":{\"@id\":\"https:\\\/\\\/www.mallorcaimmobilien.com\\\/blog\\\/es\\\/#\\\/schema\\\/logo\\\/image\\\/\"},\"sameAs\":[\"https:\\\/\\\/www.facebook.com\\\/casanova.immobilien.mallorca\",\"https:\\\/\\\/x.com\\\/Immosantaponsa\",\"https:\\\/\\\/www.instagram.com\\\/casanovaproperties.mallorca\\\/\",\"http:\\\/\\\/www.pinterest.com\\\/cnpimmobilien\\\/\",\"https:\\\/\\\/www.youtube.com\\\/channel\\\/UC9PGIa8TcOBJrQEx3uGuLgw\"]}]}<\/script>\n<!-- \/ Yoast SEO plugin. -->","yoast_head_json":{"title":"Comprar un Atico en Mallorca - Immobilien Mallorca Blog","robots":{"index":"index","follow":"follow","max-snippet":"max-snippet:-1","max-image-preview":"max-image-preview:large","max-video-preview":"max-video-preview:-1"},"canonical":"https:\/\/www.mallorcaimmobilien.com\/blog\/es\/comprar-un-atico-en-mallorca\/","og_locale":"es_ES","og_type":"article","og_title":"Comprar un Atico en Mallorca - Immobilien Mallorca Blog","og_description":"Comprar un Atico en Mallorca Casa Nova Properties ayuda a encontrar su inmueble de lujo! Mallorca Atico: Muchos clientes est\u00e1n buscando una propiedad con una privacidad total , pero al mismo tiempo con las ventajas de una comunidad cerrada. Aqu\u00ed te recomendamos un \u00e1tico en la planta superior de una residencia del propietario. Desde una [&hellip;]","og_url":"https:\/\/www.mallorcaimmobilien.com\/blog\/es\/comprar-un-atico-en-mallorca\/","og_site_name":"Immobilien Mallorca Blog","article_publisher":"https:\/\/www.facebook.com\/casanova.immobilien.mallorca","twitter_card":"summary_large_image","twitter_site":"@Immosantaponsa","twitter_misc":{"Tiempo de lectura":"2 minutos"},"schema":{"@context":"https:\/\/schema.org","@graph":[{"@type":"WebPage","@id":"https:\/\/www.mallorcaimmobilien.com\/blog\/es\/comprar-un-atico-en-mallorca\/","url":"https:\/\/www.mallorcaimmobilien.com\/blog\/es\/comprar-un-atico-en-mallorca\/","name":"Comprar un Atico en Mallorca - Immobilien Mallorca Blog","isPartOf":{"@id":"https:\/\/www.mallorcaimmobilien.com\/blog\/es\/#website"},"datePublished":"2020-05-18T13:43:10+00:00","breadcrumb":{"@id":"https:\/\/www.mallorcaimmobilien.com\/blog\/es\/comprar-un-atico-en-mallorca\/#breadcrumb"},"inLanguage":"es","potentialAction":[{"@type":"ReadAction","target":["https:\/\/www.mallorcaimmobilien.com\/blog\/es\/comprar-un-atico-en-mallorca\/"]}]},{"@type":"BreadcrumbList","@id":"https:\/\/www.mallorcaimmobilien.com\/blog\/es\/comprar-un-atico-en-mallorca\/#breadcrumb","itemListElement":[{"@type":"ListItem","position":1,"name":"Startseite","item":"https:\/\/www.mallorcaimmobilien.com\/blog\/es\/"},{"@type":"ListItem","position":2,"name":"Comprar un Atico en Mallorca"}]},{"@type":"WebSite","@id":"https:\/\/www.mallorcaimmobilien.com\/blog\/es\/#website","url":"https:\/\/www.mallorcaimmobilien.com\/blog\/es\/","name":"Immobilien Mallorca Blog","description":"Casa Nova Properties","publisher":{"@id":"https:\/\/www.mallorcaimmobilien.com\/blog\/es\/#organization"},"potentialAction":[{"@type":"SearchAction","target":{"@type":"EntryPoint","urlTemplate":"https:\/\/www.mallorcaimmobilien.com\/blog\/es\/?s={search_term_string}"},"query-input":{"@type":"PropertyValueSpecification","valueRequired":true,"valueName":"search_term_string"}}],"inLanguage":"es"},{"@type":"Organization","@id":"https:\/\/www.mallorcaimmobilien.com\/blog\/es\/#organization","name":"Casa Nova Properties S. L.","url":"https:\/\/www.mallorcaimmobilien.com\/blog\/es\/","logo":{"@type":"ImageObject","inLanguage":"es","@id":"https:\/\/www.mallorcaimmobilien.com\/blog\/es\/#\/schema\/logo\/image\/","url":"","contentUrl":"","caption":"Casa Nova Properties S. L."},"image":{"@id":"https:\/\/www.mallorcaimmobilien.com\/blog\/es\/#\/schema\/logo\/image\/"},"sameAs":["https:\/\/www.facebook.com\/casanova.immobilien.mallorca","https:\/\/x.com\/Immosantaponsa","https:\/\/www.instagram.com\/casanovaproperties.mallorca\/","http:\/\/www.pinterest.com\/cnpimmobilien\/","https:\/\/www.youtube.com\/channel\/UC9PGIa8TcOBJrQEx3uGuLgw"]}]}},"_links":{"self":[{"href":"https:\/\/www.mallorcaimmobilien.com\/blog\/es\/wp-json\/wp\/v2\/pages\/7449","targetHints":{"allow":["GET"]}}],"collection":[{"href":"https:\/\/www.mallorcaimmobilien.com\/blog\/es\/wp-json\/wp\/v2\/pages"}],"about":[{"href":"https:\/\/www.mallorcaimmobilien.com\/blog\/es\/wp-json\/wp\/v2\/types\/page"}],"author":[{"embeddable":true,"href":"https:\/\/www.mallorcaimmobilien.com\/blog\/es\/wp-json\/wp\/v2\/users\/2"}],"replies":[{"embeddable":true,"href":"https:\/\/www.mallorcaimmobilien.com\/blog\/es\/wp-json\/wp\/v2\/comments?post=7449"}],"version-history":[{"count":1,"href":"https:\/\/www.mallorcaimmobilien.com\/blog\/es\/wp-json\/wp\/v2\/pages\/7449\/revisions"}],"predecessor-version":[{"id":7450,"href":"https:\/\/www.mallorcaimmobilien.com\/blog\/es\/wp-json\/wp\/v2\/pages\/7449\/revisions\/7450"}],"wp:attachment":[{"href":"https:\/\/www.mallorcaimmobilien.com\/blog\/es\/wp-json\/wp\/v2\/media?parent=7449"}],"curies":[{"name":"wp","href":"https:\/\/api.w.org\/{rel}","templated":true}]}}